{"id":1538,"date":"2014-10-24T21:59:10","date_gmt":"2014-10-24T21:59:10","guid":{"rendered":"http:\/\/gromar.de\/?post_type=product&#038;p=1538"},"modified":"2015-05-20T22:29:54","modified_gmt":"2015-05-20T22:29:54","slug":"kopiarko-tokarka-hempel-typ-cke-9","status":"publish","type":"product","link":"https:\/\/iberus.pl\/?product=kopiarko-tokarka-hempel-typ-cke-9","title":{"rendered":"Kopiarko- tokarka Hempel, Typ: CKE-9"},"content":{"rendered":"<table class=\"techdata\" width=\"450\" cellspacing=\"2\">\n<tbody>\n<tr>\n<td><b>Maszyna Hempel CKE jest specjalnie zaprojektowana do ekonomicznego i wydajnego wytwarzania r\u00f3\u017cnie ukszta\u0142towanych element\u00f3w okr\u0105g\u0142ych w ma\u0142ych seriach, takich jak nogi krzese\u0142 i st\u00f3\u0142ow<\/b><\/td>\n<td>\u00a0<\/td>\n<\/tr>\n<tr>\n<td><b>Szczeg\u00f3ln\u0105 zalet\u0105 urz\u0105dzenia jest to, \u017ce po tej matrycy lub formy gotowej strukturze drewnem &#8211; mo\u017cna obrabia\u0107 przedmiot obrabiany i pod\u0142o\u017ce jednocze\u015bnie &#8211; bez u\u017cycia stali narz\u0119dziowych.<\/b><\/td>\n<td>\u00a0<\/td>\n<\/tr>\n<tr>\n<td><b>Urz\u0105dzenie jest w pe\u0142ni automatyczne i jest sterowane elektro-hydraulicznie.<\/b><\/td>\n<td>\u00a0<\/td>\n<\/tr>\n<tr>\n<td><b>Skanowanie szablonu lub modelu drewna, frezowania i szlifowania przedmiotu obrabianego odbywa si\u0119 poprzez hydraulicznie sterowane g\u0142adkie kopiowanie.<\/b><\/td>\n<td>\u00a0<\/td>\n<\/tr>\n<tr>\n<td><b>Numer maszyny<\/b><\/td>\n<td>163\/51<\/td>\n<\/tr>\n<tr>\n<td><b>Maksymalna d\u0142ugo\u015b\u0107 robocza<\/b><\/td>\n<td>900 mm<\/td>\n<\/tr>\n<tr>\n<td><b>Max. srednica robocza<\/b><\/td>\n<td>250 mm<\/td>\n<\/tr>\n<tr>\n<td><b>Frezowanie- moc silnika<\/b><\/td>\n<td>7,5 kW (frez tarczowy)<\/td>\n<\/tr>\n<tr>\n<td><b>Wrzeciono moc silnika<\/b><\/td>\n<td>3 kW, 2800 obr \/ min<\/td>\n<\/tr>\n<tr>\n<td><b>Pr\u0119dko\u015b\u0107 obrotowa wrzeciona<\/b><\/td>\n<td>700, 1200, 1500, 2000 obr \/ min<\/td>\n<\/tr>\n<tr>\n<td><b>Agregat szlifujacy moc silnika<\/b><\/td>\n<td>0,75 kW<\/td>\n<\/tr>\n<tr>\n<td><b>Silnik hydrauliczny<\/b><\/td>\n<td>3 kW<\/td>\n<\/tr>\n<tr>\n<td><b>Podajnik do kantowek<\/b><\/td>\n<td>do 150 x 150 mm<\/td>\n<\/tr>\n<tr>\n<td><b>Waga<\/b><\/td>\n<td>oko\u0142o 1550 kg<\/td>\n<\/tr>\n<tr>\n<td><b>Wymiary<\/b><\/td>\n<td>3400 x 2100 x 1900 mm<\/td>\n<\/tr>\n<tr>\n<td><b>Miejsce postoju<\/b><\/td>\n<td>magazyn D-32683 Barntrup<\/td>\n<\/tr>\n<\/tbody>\n<\/table>\n<p>&nbsp;<\/p>\n<h4>UWAGI<\/h4>\n<p>(Zmiany i b\u0142\u0119dy w opisie danych technicznych jak i wczesniejsza sprzeda\u017c dozwolone)<\/p>\n","protected":false},"excerpt":{"rendered":"<p>Maszyna Hempel CKE jest specjalnie zaprojektowana do ekonomicznego i wydajnego wytwarzania r\u00f3\u017cnie ukszta\u0142towanych element\u00f3w okr\u0105g\u0142ych w ma\u0142ych seriach, takich jak nogi krzese\u0142 i st\u00f3\u0142ow \u00a0 Szczeg\u00f3ln\u0105 zalet\u0105 urz\u0105dzenia jest to, \u017ce po tej matrycy lub formy gotowej strukturze drewnem &#8211; mo\u017cna obrabia\u0107 przedmiot obrabiany i pod\u0142o\u017ce jednocze\u015bnie &#8211; bez u\u017cycia stali narz\u0119dziowych. \u00a0 Urz\u0105dzenie jest [&hellip;]<\/p>\n","protected":false},"featured_media":1549,"template":"","meta":{"_monsterinsights_skip_tracking":false,"_monsterinsights_sitenote_active":false,"_monsterinsights_sitenote_note":"","_monsterinsights_sitenote_category":0,"ngg_post_thumbnail":0},"product_cat":[338],"product_tag":[],"class_list":{"0":"post-1538","1":"product","2":"type-product","3":"status-publish","4":"has-post-thumbnail","6":"product_cat-sprzedane","8":"first","9":"instock","10":"downloadable","11":"shipping-taxable","12":"product-type-simple"},"_links":{"self":[{"href":"https:\/\/iberus.pl\/index.php?rest_route=\/wp\/v2\/product\/1538"}],"collection":[{"href":"https:\/\/iberus.pl\/index.php?rest_route=\/wp\/v2\/product"}],"about":[{"href":"https:\/\/iberus.pl\/index.php?rest_route=\/wp\/v2\/types\/product"}],"wp:featuredmedia":[{"embeddable":true,"href":"https:\/\/iberus.pl\/index.php?rest_route=\/wp\/v2\/media\/1549"}],"wp:attachment":[{"href":"https:\/\/iberus.pl\/index.php?rest_route=%2Fwp%2Fv2%2Fmedia&parent=1538"}],"wp:term":[{"taxonomy":"product_cat","embeddable":true,"href":"https:\/\/iberus.pl\/index.php?rest_route=%2Fwp%2Fv2%2Fproduct_cat&post=1538"},{"taxonomy":"product_tag","embeddable":true,"href":"https:\/\/iberus.pl\/index.php?rest_route=%2Fwp%2Fv2%2Fproduct_tag&post=1538"}],"curies":[{"name":"wp","href":"https:\/\/api.w.org\/{rel}","templated":true}]}}