{"id":13173,"date":"2022-04-29T11:54:05","date_gmt":"2022-04-29T11:54:05","guid":{"rendered":"https:\/\/iberus.pl\/?post_type=product&#038;p=13173"},"modified":"2024-09-17T11:49:59","modified_gmt":"2024-09-17T11:49:59","slug":"kantenanleimmaschine-homag-profi-kal370-11-a20-wz-bj-2018","status":"publish","type":"product","link":"https:\/\/iberus.pl\/?product=kantenanleimmaschine-homag-profi-kal370-11-a20-wz-bj-2018","title":{"rendered":"Kantenanleimmaschine HOMAG PROFI KAL370\/11\/A20\/WZ &#8211; Bj. 2018, AIRTEC"},"content":{"rendered":"<p><b>mit R\u00fcckf\u00fchrungsystem-Boomerang Typ: TFU420\/L\/20\/12\/155<\/b><\/p>\n<table cellspacing=\"0\" cellpadding=\"0\">\n<tbody>\n<tr>\n<td valign=\"top\">\n<p>Maschinen-Nr.<\/p>\n<\/td>\n<td valign=\"top\">\n<p>0-200-95-2584<\/p>\n<\/td>\n<\/tr>\n<tr>\n<td valign=\"top\">\n<p>Baujahr<\/p>\n<\/td>\n<td valign=\"top\">\n<p>11\/2018<\/p>\n<\/td>\n<\/tr>\n<tr>\n<td valign=\"top\">\n<p>Arbeitsh\u00f6he<\/p>\n<\/td>\n<td valign=\"top\">\n<p>950 mm<\/p>\n<\/td>\n<\/tr>\n<tr>\n<td valign=\"top\">\n<p>Werkst\u00fcckdicke<span class=\"Apple-converted-space\">&nbsp;<\/span><\/p>\n<\/td>\n<td valign=\"top\">\n<p>8 \u2013 60<span class=\"Apple-converted-space\">&nbsp; <\/span>mm<\/p>\n<\/td>\n<\/tr>\n<tr>\n<td valign=\"top\">\n<p>Werkst\u00fcck\u00fcberstand<\/p>\n<\/td>\n<td valign=\"top\">\n<p>30 mm<\/p>\n<\/td>\n<\/tr>\n<tr>\n<td valign=\"top\">\n<p>Kantenmaterial Rolle<\/p>\n<\/td>\n<td valign=\"top\">\n<p>0,3 &#8211; 3mm<\/p>\n<\/td>\n<\/tr>\n<tr>\n<td valign=\"top\">\n<p>Kantenmaterial Streifen<span class=\"Apple-converted-space\">&nbsp;<\/span><\/p>\n<\/td>\n<td valign=\"top\">\n<p>0,4 \u2013 20 mm<span class=\"Apple-converted-space\">&nbsp;<\/span><\/p>\n<\/td>\n<\/tr>\n<tr>\n<td valign=\"top\">\n<p>Vorschub<span class=\"Apple-converted-space\">&nbsp;<\/span><\/p>\n<\/td>\n<td valign=\"top\">\n<p>Stufenlos regelbar 16 &#8211; 25 m\/min<\/p>\n<\/td>\n<\/tr>\n<tr>\n<td valign=\"top\">\n<p>Werkst\u00fcckzuf\u00fchrsystem WZ10<\/p>\n<\/td>\n<td valign=\"top\">\n<p>Vollautomatische Zuf\u00fchrung von Werkst\u00fccken in unterschiedlichen Abmessungen<span class=\"Apple-converted-space\">&nbsp;<\/span><\/p>\n<\/td>\n<\/tr>\n<tr>\n<td valign=\"top\">\n<p>Magazin A20<\/p>\n<\/td>\n<td valign=\"top\">\n<p>12 Rollen<\/p>\n<\/td>\n<\/tr>\n<tr>\n<td valign=\"top\">\n<p>Rollendurchmesser<span class=\"Apple-converted-space\">&nbsp;<\/span><\/p>\n<\/td>\n<td valign=\"top\">\n<p>830 mm<\/p>\n<\/td>\n<\/tr>\n<tr>\n<td valign=\"top\">\n<p>Aggregate:<\/p>\n<\/td>\n<td valign=\"top\">&nbsp;<\/td>\n<\/tr>\n<tr>\n<td valign=\"top\">\n<p>Trennmittelspr\u00fchaggregat<\/p>\n<\/td>\n<td valign=\"top\">\n<p>Oben\/unten<\/p>\n<\/td>\n<\/tr>\n<tr>\n<td valign=\"top\">\n<p>F\u00fcgefr\u00e4saggregat<\/p>\n<\/td>\n<td valign=\"top\">\n<p>2x 3 kW, 150 Hz,9000 Upm<\/p>\n<\/td>\n<\/tr>\n<tr>\n<td valign=\"top\">\n<p>Werkst\u00fcck Vorw\u00e4rmung<\/p>\n<\/td>\n<td valign=\"top\">&nbsp;<\/td>\n<\/tr>\n<tr>\n<td valign=\"top\">\n<p>Verleimaggregat PU65<\/p>\n<\/td>\n<td valign=\"top\">\n<p>Aufschmelzeinheit PU 4-6 kg\/h<\/p>\n<\/td>\n<\/tr>\n<tr>\n<td valign=\"top\">\n<p><b>AIRTEC Aktiviereinheit<\/b><\/p>\n<\/td>\n<td valign=\"top\">&nbsp;<\/td>\n<\/tr>\n<tr>\n<td valign=\"top\">\n<p>Druckzone C<\/p>\n<\/td>\n<td valign=\"top\">\n<p>1 angetriebene Vorpressrolle 150 mm Durchm.<\/p>\n<p>6 Nachpressrollen 70 mm Durchmesser<\/p>\n<\/td>\n<\/tr>\n<tr>\n<td valign=\"top\">\n<p>K\u00fchl-\/Gleitmittelspr\u00fchaggregat<\/p>\n<\/td>\n<td valign=\"top\">\n<p>Oben\/unten<\/p>\n<\/td>\n<\/tr>\n<tr>\n<td valign=\"top\">\n<p>Kappaggregat PK25<\/p>\n<\/td>\n<td valign=\"top\">\n<p>2x 0,8 kW; 200 Hz, 12000 Upm<\/p>\n<\/td>\n<\/tr>\n<tr>\n<td valign=\"top\">\n<p>Vorfr\u00e4saggregat BF20<\/p>\n<\/td>\n<td valign=\"top\">\n<p>2 x 1,5 kW; 200 Hz; 1200 Upm<\/p>\n<\/td>\n<\/tr>\n<tr>\n<td valign=\"top\">\n<p>Fr\u00e4saggregat PF21 Flextrim<\/p>\n<\/td>\n<td valign=\"top\">\n<p>2 x 0,4 kW; 200 Hz; 1200 Upm<\/p>\n<\/td>\n<\/tr>\n<tr>\n<td valign=\"top\">\n<p>Formfr\u00e4saggregat FK30\/V25 <span class=\"Apple-converted-space\">&nbsp;<\/span><\/p>\n<\/td>\n<td valign=\"top\">\n<p>Nur in Verbindung mit separaten Fr\u00e4saggregat, das oben und unten durchgehend fr\u00e4st<\/p>\n<\/td>\n<\/tr>\n<tr>\n<td valign=\"top\">\n<p>Fr\u00e4seinheit FK30\/31 f\u00fc 3 Werkzeuge<\/p>\n<\/td>\n<td valign=\"top\">\n<p>1 x 0,75 kW; 200 Hz; 15000 Upm<\/p>\n<\/td>\n<\/tr>\n<tr>\n<td valign=\"top\">\n<p>Multiziehklinge MN21 automatisch<\/p>\n<\/td>\n<td valign=\"top\">\n<p>F\u00fcr max. 5 unterschiedliche Profile<\/p>\n<\/td>\n<\/tr>\n<tr>\n<td valign=\"top\">\n<p>Leimfugenziehklinge FA 20<\/p>\n<\/td>\n<td valign=\"top\">&nbsp;<\/td>\n<\/tr>\n<tr>\n<td valign=\"top\">\n<p>Schwabbelaggregat FA06<\/p>\n<\/td>\n<td valign=\"top\">\n<p>2 x 0,18 kW<\/p>\n<\/td>\n<\/tr>\n<tr>\n<td valign=\"top\">\n<p>Reinigungsmittelspr\u00fchaggregat<\/p>\n<\/td>\n<td valign=\"top\">\n<p>Oben\/unten<\/p>\n<\/td>\n<\/tr>\n<tr>\n<td valign=\"top\">\n<p>Standardfr\u00e4saggregat SF21<\/p>\n<\/td>\n<td valign=\"top\">\n<p>Zum Nuten und F\u00e4lzen oben\/unten\/seitlich<\/p>\n<p>1 x 5 kW; 100 Hz, 6000 Upm, schwenkbar 90\u00b0<\/p>\n<\/td>\n<\/tr>\n<tr>\n<td valign=\"top\">\n<p>Standardfr\u00e4saggregat SF21<\/p>\n<\/td>\n<td valign=\"top\">\n<p>Zum Nuten und F\u00e4lzen oben\/unten\/seitlich<\/p>\n<p>1 x 5 kW; 100 Hz, 6000 Upm, schwenkbar 90\u00b0<\/p>\n<\/td>\n<\/tr>\n<tr>\n<td valign=\"top\">\n<p>Elektronische Hohenverstellung<span class=\"Apple-converted-space\">&nbsp;<\/span><\/p>\n<\/td>\n<td valign=\"top\">&nbsp;<\/td>\n<\/tr>\n<tr>\n<td valign=\"top\">\n<p>Barcode Laser Handscanner Kabellos<\/p>\n<\/td>\n<td valign=\"top\">&nbsp;<\/td>\n<\/tr>\n<tr>\n<td valign=\"top\">\n<p>Full-HD Multitouch Display<\/p>\n<\/td>\n<td valign=\"top\">\n<p>21,5 Zoll Monitor<\/p>\n<\/td>\n<\/tr>\n<tr>\n<td valign=\"top\">\n<p>Steuerungssystem<span class=\"Apple-converted-space\">&nbsp;<\/span><\/p>\n<\/td>\n<td valign=\"top\">\n<p>Powercontrol PC23 Powertouch<\/p>\n<\/td>\n<\/tr>\n<tr>\n<td valign=\"top\">\n<p>Software<span class=\"Apple-converted-space\">&nbsp;<\/span><\/p>\n<\/td>\n<td valign=\"top\">\n<p>Bedienung Windows Standart<\/p>\n<p>Softwarepaket woodCommander<\/p>\n<\/td>\n<\/tr>\n<tr>\n<td valign=\"top\">\n<p>Pneumatikanschluss<\/p>\n<\/td>\n<td valign=\"top\">\n<p>6 bar<\/p>\n<\/td>\n<\/tr>\n<tr>\n<td valign=\"top\">\n<p>Maschinenl\u00e4nge<\/p>\n<\/td>\n<td valign=\"top\">\n<p>12365 mm<\/p>\n<\/td>\n<\/tr>\n<tr>\n<td valign=\"top\">\n<p>Gewicht<\/p>\n<\/td>\n<td valign=\"top\">&nbsp;<\/td>\n<\/tr>\n<tr>\n<td valign=\"top\">\n<p><b>Inkl. R\u00fcckf\u00fchrung-Boomerang<span class=\"Apple-converted-space\">&nbsp;<\/span><\/b><\/p>\n<\/td>\n<td valign=\"top\">\n<p><b>Homag, TFU420\/L\/30\/12\/155<\/b><\/p>\n<p><b>Maschinen Nr. 0-284-95-2585<\/b><\/p>\n<\/td>\n<\/tr>\n<tr>\n<td valign=\"top\">\n<p>Standort<\/p>\n<\/td>\n<td valign=\"top\">\n<p>32683 Barntrup<\/p>\n<\/td>\n<\/tr>\n<\/tbody>\n<\/table>\n<p><i>(\u00c4nderungen und Irrt\u00fcmer in den technischen Daten sowie Zwischenverkauf vorbehalten)<\/i><\/p>\n","protected":false},"excerpt":{"rendered":"<p>mit R\u00fcckf\u00fchrungsystem-Boomerang Typ: TFU420\/L\/20\/12\/155 Maschinen-Nr. 0-200-95-2584 Baujahr 11\/2018 Arbeitsh\u00f6he 950 mm Werkst\u00fcckdicke&nbsp; 8 \u2013 60&nbsp; mm Werkst\u00fcck\u00fcberstand 30 mm Kantenmaterial Rolle 0,3 &#8211; 3mm Kantenmaterial Streifen&nbsp; 0,4 \u2013 20 mm&nbsp; Vorschub&nbsp; Stufenlos regelbar 16 &#8211; 25 m\/min Werkst\u00fcckzuf\u00fchrsystem WZ10 Vollautomatische Zuf\u00fchrung von Werkst\u00fccken in unterschiedlichen Abmessungen&nbsp; Magazin A20 12 Rollen Rollendurchmesser&nbsp; 830 mm Aggregate: &nbsp; [&hellip;]<\/p>\n","protected":false},"featured_media":13155,"template":"","meta":{"_monsterinsights_skip_tracking":false,"_monsterinsights_sitenote_active":false,"_monsterinsights_sitenote_note":"","_monsterinsights_sitenote_category":0,"ngg_post_thumbnail":0},"product_cat":[399,340],"product_tag":[],"class_list":{"0":"post-13173","1":"product","2":"type-product","3":"status-publish","4":"has-post-thumbnail","6":"product_cat-german-de","7":"product_cat-verkauft","9":"first","10":"instock","11":"shipping-taxable","12":"product-type-simple"},"_links":{"self":[{"href":"https:\/\/iberus.pl\/index.php?rest_route=\/wp\/v2\/product\/13173"}],"collection":[{"href":"https:\/\/iberus.pl\/index.php?rest_route=\/wp\/v2\/product"}],"about":[{"href":"https:\/\/iberus.pl\/index.php?rest_route=\/wp\/v2\/types\/product"}],"wp:featuredmedia":[{"embeddable":true,"href":"https:\/\/iberus.pl\/index.php?rest_route=\/wp\/v2\/media\/13155"}],"wp:attachment":[{"href":"https:\/\/iberus.pl\/index.php?rest_route=%2Fwp%2Fv2%2Fmedia&parent=13173"}],"wp:term":[{"taxonomy":"product_cat","embeddable":true,"href":"https:\/\/iberus.pl\/index.php?rest_route=%2Fwp%2Fv2%2Fproduct_cat&post=13173"},{"taxonomy":"product_tag","embeddable":true,"href":"https:\/\/iberus.pl\/index.php?rest_route=%2Fwp%2Fv2%2Fproduct_tag&post=13173"}],"curies":[{"name":"wp","href":"https:\/\/api.w.org\/{rel}","templated":true}]}}