{"id":13091,"date":"2022-04-29T10:31:18","date_gmt":"2022-04-29T10:31:18","guid":{"rendered":"https:\/\/iberus.pl\/?post_type=product&#038;p=13091"},"modified":"2024-09-17T11:52:57","modified_gmt":"2024-09-17T11:52:57","slug":"cnc-centrum-wiertarskie-przelotowe-weeke-profiline-bht-800","status":"publish","type":"product","link":"https:\/\/iberus.pl\/?product=cnc-centrum-wiertarskie-przelotowe-weeke-profiline-bht-800","title":{"rendered":"CNC centrum wiertarskie przelotowe Weeke PROFILINE BHT 800"},"content":{"rendered":"<p><div class='avia-iframe-wrap'><iframe loading=\"lazy\" title=\"CNC Weeke BHT 800 Fully Automatic Drilling Milling machine\" width=\"1500\" height=\"844\" src=\"https:\/\/www.youtube.com\/embed\/2trrtycm7QA?feature=oembed\" frameborder=\"0\" allow=\"accelerometer; autoplay; clipboard-write; encrypted-media; gyroscope; picture-in-picture\" allowfullscreen><\/iframe><\/div>\n<\/p>\n<p>&nbsp;<\/p>\n<p>In transverse passage with 2 traveling columns<\/p>\n<p>Double processing\/Two field operation<\/p>\n<table cellspacing=\"0\" cellpadding=\"0\">\n<tbody>\n<tr>\n<td valign=\"top\">\n<p>Maschinen-Nr.<span class=\"Apple-converted-space\">&nbsp;<\/span><\/p>\n<\/td>\n<td valign=\"top\">\n<p>0-250-18-5005<\/p>\n<\/td>\n<\/tr>\n<tr>\n<td valign=\"top\">\n<p>Arbeitsl\u00e4nge<\/p>\n<\/td>\n<td valign=\"top\">\n<p>2500 mm<\/p>\n<\/td>\n<\/tr>\n<tr>\n<td valign=\"top\">\n<p><b>Werkst\u00fcckabmessungen<\/b><\/p>\n<\/td>\n<td valign=\"top\">&nbsp;<\/td>\n<\/tr>\n<tr>\n<td valign=\"top\">\n<p>Werkst\u00fcckdicke<\/p>\n<\/td>\n<td valign=\"top\">\n<p>Max.45 mm; min. 12 mm<\/p>\n<\/td>\n<\/tr>\n<tr>\n<td valign=\"top\">\n<p>Werkst\u00fcckl\u00e4nge<\/p>\n<\/td>\n<td valign=\"top\">\n<p>Max. 2500; min. 250 mm<\/p>\n<\/td>\n<\/tr>\n<tr>\n<td valign=\"top\">\n<p>Werkst\u00fcckbreite<\/p>\n<\/td>\n<td valign=\"top\">\n<p>Max. 1300 mm; min. 150 mm<\/p>\n<\/td>\n<\/tr>\n<tr>\n<td valign=\"top\">\n<p><b>4 CNC Bearbeitungsgruppe<span class=\"Apple-converted-space\">&nbsp;<\/span><\/b><\/p>\n<\/td>\n<td valign=\"top\">\n<p>Jede Bearbeitungsgruppe (Bearbeitungskopf) ist ausgestattet mit:<\/p>\n<p>&#8211; 2 x Oberfr\u00e4sspindel 6 kW mit Hydroschnellspannsystem, Drehzahl 6.000-18.000.<\/p>\n<p>&#8211; Vertikale Bohraggregate 32 Spindeln<\/p>\n<p>&#8211; 2 Horizontale Bohraggregate, 6 Spindeln in X-Richtung<\/p>\n<p>&#8211; 2 Horizontale Bohraggregate, 2 Spindeln in Y-Richtung<\/p>\n<p>&#8211; 2 x 2 Freipl\u00e4tze z.B Fr\u00e4smotore oder Nutzs\u00e4geaggregate<\/p>\n<\/td>\n<\/tr>\n<tr>\n<td valign=\"top\">\n<p>Verfahrgeschwindigkeit X-Y-Z-Achse<\/p>\n<\/td>\n<td valign=\"top\">\n<p>80\/80\/20 m\/min<\/p>\n<\/td>\n<\/tr>\n<tr>\n<td valign=\"top\">\n<p>Transportgeschwindigkeit<\/p>\n<\/td>\n<td valign=\"top\">\n<p>120 m\/min<\/p>\n<\/td>\n<\/tr>\n<tr>\n<td valign=\"top\">\n<p>Werkst\u00fccktransport im Querdurchlauf<\/p>\n<\/td>\n<td valign=\"top\">\n<p>4 Werkst\u00fcckauflagen , 2 Werkst\u00fcckunterst\u00fctzungen \u00fcber Fahrst\u00e4nder positionierbar<\/p>\n<\/td>\n<\/tr>\n<tr>\n<td valign=\"top\">\n<p>Automatische vorw\u00e4hlbare Vakuumsauger<\/p>\n<\/td>\n<td valign=\"top\">\n<p>f\u00fcr 4 Supporte mit je 4 grosse Vakuumsauger 145*145*36 mm (L\/B\/H) sowie je 4 Vakuumschmalsauger 145*75*36 mm (L\/B\/H). Vakuumsauger programgesteuert, vorw\u00e4hlbar \u00fcber doppelt-wirkende Zylinder (Hub 35 mm)<span class=\"Apple-converted-space\">&nbsp;<\/span><\/p>\n<\/td>\n<\/tr>\n<tr>\n<td valign=\"top\">\n<p>2 Vakuumpumpen<span class=\"Apple-converted-space\">&nbsp;<\/span><\/p>\n<\/td>\n<td valign=\"top\">\n<p>2 x 100 m\u00b3\/h<\/p>\n<\/td>\n<\/tr>\n<tr>\n<td valign=\"top\">\n<p>Quertransport, 600mm Doppelbelegung<span class=\"Apple-converted-space\">&nbsp;<\/span><\/p>\n<\/td>\n<td valign=\"top\">\n<p>Zwei Werkst\u00fccke k\u00f6nnen bis zu einer Breite von 600mm gleichzeitig eintransportiert und ausgerichtet werden. Die Fest- und Losseite werden mit je einer Anschlageinheit erweitert. Der Werkst\u00fccktransport wird f\u00fcr zwei Sektionen erweitert.<span class=\"Apple-converted-space\">&nbsp;<\/span><\/p>\n<\/td>\n<\/tr>\n<tr>\n<td valign=\"top\">\n<p>Werkst\u00fccktransporteinheit im Einlauf<span class=\"Apple-converted-space\">&nbsp;<\/span><\/p>\n<\/td>\n<td valign=\"top\">\n<p>zwei Transportbahnen als Fest- und Losseite, in je 2 Sektionen aufgeteilt, frequenzgeregelte Antriebe, F\u00f6rdergeschwindigkeit 10-90 m\/min, auf separat stehendem Grundrahmen mit Linearf\u00fchrung<span class=\"Apple-converted-space\">&nbsp;<\/span><\/p>\n<\/td>\n<\/tr>\n<tr>\n<td valign=\"top\">\n<p>Werkst\u00fccktransporteinheit im Auslauf<\/p>\n<\/td>\n<td valign=\"top\">\n<p>zwei Transportbahnen als Fest- und Losseite, in je 2 Sektionen aufgeteilt, frequenzgeregelte Antriebe, F\u00f6rdergeschwindigkeit 10-90 m\/min, auf separat stehendem Grundrahmen mit Linearf\u00fchrung.<span class=\"Apple-converted-space\">&nbsp;<\/span><\/p>\n<\/td>\n<\/tr>\n<tr>\n<td valign=\"top\">\n<p>Transportriemen<\/p>\n<\/td>\n<td valign=\"top\">\n<p>4 St\u00fcck mit verschlei\u00dfarmer PU-Nutprofil Beschichtung; Geschwindigkeit 50 bis 90 m\/min, Frequenzgeregelt<\/p>\n<\/td>\n<\/tr>\n<tr>\n<td valign=\"top\">\n<p>Ausrichtung<\/p>\n<\/td>\n<td valign=\"top\">\n<p>X-Richtung \u00fcber die Fest- und Losseite; Y-Richtung mittels Anschlageinheiten an der Fest- bzw. Losseite sowie richteinheiten an den Werkst\u00fcckauflagen<\/p>\n<\/td>\n<\/tr>\n<tr>\n<td valign=\"top\">\n<p>Festseite<\/p>\n<\/td>\n<td valign=\"top\">\n<p>Pneumatisch gesteuerte Spannwange, die ein seitliches Bearbeiten an der Festseite erm\u00f6glichen<\/p>\n<\/td>\n<\/tr>\n<tr>\n<td valign=\"top\">\n<p>Losseite<\/p>\n<\/td>\n<td valign=\"top\">\n<p>NC-gesteuerte Spannwange, die ein seitliches Bearbeiten an der Losseite erm\u00f6glichen<\/p>\n<\/td>\n<\/tr>\n<tr>\n<td valign=\"top\">\n<p>Handterminal zum Steuern der Maschine<span class=\"Apple-converted-space\">&nbsp;<\/span><\/p>\n<\/td>\n<td valign=\"top\">&nbsp;<\/td>\n<\/tr>\n<tr>\n<td valign=\"top\">\n<p>Klimaanlage zur K\u00fchlung des Schaltschrankes<span class=\"Apple-converted-space\">&nbsp;<\/span><\/p>\n<\/td>\n<td valign=\"top\">&nbsp;<\/td>\n<\/tr>\n<tr>\n<td valign=\"top\">\n<p>Hardware System Power Control<\/p>\n<\/td>\n<td valign=\"top\">\n<p>IPC (Industrie Personal Computer, Intel Pentium kompatibel) Betriebssystem Windows 98, 15 Zoll Grafik Monitor<\/p>\n<\/td>\n<\/tr>\n<tr>\n<td valign=\"top\">\n<p>Software<\/p>\n<\/td>\n<td valign=\"top\">\n<p>WOODWOP 5.0, f\u00fcr PC AB 4 CNC Achsen<\/p>\n<\/td>\n<\/tr>\n<tr>\n<td valign=\"top\">\n<p>Bereitstellung Teleservice Modem<span class=\"Apple-converted-space\">&nbsp;<\/span><\/p>\n<\/td>\n<td valign=\"top\">&nbsp;<\/td>\n<\/tr>\n<tr>\n<td valign=\"top\">\n<p>Ethernet-Anschluss 10 MBIT f\u00fcr IPC und PC, RG58<span class=\"Apple-converted-space\">&nbsp;<\/span><\/p>\n<\/td>\n<td valign=\"top\">&nbsp;<\/td>\n<\/tr>\n<tr>\n<td valign=\"top\">\n<p>Elektrische Anschluss<\/p>\n<\/td>\n<td valign=\"top\">\n<p>49 kW, 400 V<\/p>\n<\/td>\n<\/tr>\n<tr>\n<td valign=\"top\">\n<p>Gewicht<\/p>\n<\/td>\n<td valign=\"top\">\n<p>12.000 kg<\/p>\n<\/td>\n<\/tr>\n<tr>\n<td valign=\"top\">\n<p>Standort<\/p>\n<\/td>\n<td valign=\"top\">\n<p>Danzig \/ Poland<\/p>\n<\/td>\n<\/tr>\n<\/tbody>\n<\/table>\n<p><i>(\u00c4nderungen und Irrt\u00fcmer in den technischen Daten sowie Zwischenverkauf vorbehalten)<\/i><\/p>\n","protected":false},"excerpt":{"rendered":"<p>&nbsp; In transverse passage with 2 traveling columns Double processing\/Two field operation Maschinen-Nr.&nbsp; 0-250-18-5005 Arbeitsl\u00e4nge 2500 mm Werkst\u00fcckabmessungen &nbsp; Werkst\u00fcckdicke Max.45 mm; min. 12 mm Werkst\u00fcckl\u00e4nge Max. 2500; min. 250 mm Werkst\u00fcckbreite Max. 1300 mm; min. 150 mm 4 CNC Bearbeitungsgruppe&nbsp; Jede Bearbeitungsgruppe (Bearbeitungskopf) ist ausgestattet mit: &#8211; 2 x Oberfr\u00e4sspindel 6 kW mit Hydroschnellspannsystem, [&hellip;]<\/p>\n","protected":false},"featured_media":13063,"template":"","meta":{"_monsterinsights_skip_tracking":false,"_monsterinsights_sitenote_active":false,"_monsterinsights_sitenote_note":"","_monsterinsights_sitenote_category":0,"ngg_post_thumbnail":0},"product_cat":[338],"product_tag":[],"class_list":{"0":"post-13091","1":"product","2":"type-product","3":"status-publish","4":"has-post-thumbnail","6":"product_cat-sprzedane","8":"first","9":"instock","10":"downloadable","11":"virtual","12":"product-type-simple"},"_links":{"self":[{"href":"https:\/\/iberus.pl\/index.php?rest_route=\/wp\/v2\/product\/13091"}],"collection":[{"href":"https:\/\/iberus.pl\/index.php?rest_route=\/wp\/v2\/product"}],"about":[{"href":"https:\/\/iberus.pl\/index.php?rest_route=\/wp\/v2\/types\/product"}],"wp:featuredmedia":[{"embeddable":true,"href":"https:\/\/iberus.pl\/index.php?rest_route=\/wp\/v2\/media\/13063"}],"wp:attachment":[{"href":"https:\/\/iberus.pl\/index.php?rest_route=%2Fwp%2Fv2%2Fmedia&parent=13091"}],"wp:term":[{"taxonomy":"product_cat","embeddable":true,"href":"https:\/\/iberus.pl\/index.php?rest_route=%2Fwp%2Fv2%2Fproduct_cat&post=13091"},{"taxonomy":"product_tag","embeddable":true,"href":"https:\/\/iberus.pl\/index.php?rest_route=%2Fwp%2Fv2%2Fproduct_tag&post=13091"}],"curies":[{"name":"wp","href":"https:\/\/api.w.org\/{rel}","templated":true}]}}