{"id":12714,"date":"2021-05-04T12:46:44","date_gmt":"2021-05-04T12:46:44","guid":{"rendered":"https:\/\/iberus.pl\/?post_type=product&#038;p=12714"},"modified":"2021-05-25T15:13:49","modified_gmt":"2021-05-25T15:13:49","slug":"cefla-ibotic-linia-lakiernicza-rok-budowy-2008","status":"publish","type":"product","link":"https:\/\/iberus.pl\/?product=cefla-ibotic-linia-lakiernicza-rok-budowy-2008","title":{"rendered":"Cefla iBotic &#8211; linia lakiernicza, rok budowy 2008"},"content":{"rendered":"<p><iframe loading=\"lazy\" src=\"\/\/www.youtube.com\/embed\/yUGN6iPFdTU\" width=\"560\" height=\"314\" allowfullscreen=\"allowfullscreen\"><\/iframe><\/p>\n<p>Instalacja lakiernicza \/ natryskowa CEFLA iBotic, rok budowy 2008<\/p>\n<p>Specyfikacja techniczna<br \/>\nWymiary element\u00f3w roboczych:<br \/>\nD\u0142ugo\u015b\u0107 max. 3500 mm; min. 300 mm<br \/>\nSzeroko\u015b\u0107 max. 1300 mm; min. 10 mm<br \/>\nWysoko\u015b\u0107 max. 80 mm; min. 10 mm<br \/>\nGi\u0119cie 10 mm<br \/>\nMinimalna temperatura -5 \u00b0 C<br \/>\nCzynnik grzewczy: woda 90 \u00b0<br \/>\nci\u015bnienie 6 bar max<br \/>\nStrona sterowania: prawa strona<\/p>\n<p>Ta instalacja sk\u0142ada si\u0119 z:<br \/>\n1. Przeno\u015bnik ta\u015bmowy podaj\u0105cy Typ: TNS 1450 \/ RBT,<br \/>\nD\u0142ugo\u015b\u0107 ca\u0142kowita 1700 mm<br \/>\nMoc 0,26 kW<br \/>\nPosuw maks. 11,2 m \/ min<\/p>\n<p>2. Szczotkarka M.C CL-1350, rok 2020<\/p>\n<p>3. Przeno\u015bnik ta\u015bmowy z podw\u00f3jn\u0105 pr\u0119dko\u015bci\u0105 Typ: TNS 4000 \/ 2V-CT<br \/>\nD\u0142ugo\u015b\u0107 ca\u0142kowita: 4000 mm<br \/>\nRegulowana pr\u0119dko\u015b\u0107: 3,4 &#8211; 59,3 m \/ min<br \/>\nMoc 1,1 kW<br \/>\nTeleskopowa obudowa<\/p>\n<p>4. Robot natryskowy Cefla iBotic RU2DP<br \/>\nNr maszyny CA8098A04 Robot elektryczny z 2 grupami osi, ka\u017cda grupa ma 4 sterowane elektrycznie osie i 1 sterowan\u0105 pneumatycznie o\u015b.<br \/>\n2 Ruchome ramiona narz\u0119dziowe do monta\u017cu 4+1 pistolet\u00f3w, przeznaczone do natrysku powierzchniowego i kraw\u0119dziowego.<\/p>\n<p>Samodzielna rejestracja element\u00f3w za pomoc\u0105 elektronicznej bariery odczytu z 128 fotodiodami.<\/p>\n<p>System Overspray nad podw\u00f3jnym rz\u0119dem suchych filtr\u00f3w w celu oddzielenia cz\u0105stek lakieru z wentylatora wyci\u0105gowego<br \/>\nZainstalowana moc elektryczna 25,90 kW<br \/>\nZu\u017cycie spr\u0119\u017conego powietrza 600 NI \/ min.<br \/>\nSzafa sterownicza z komputerem i wy\u015bwietlaczem do programowania i sterowania parametrami natrysku.<\/p>\n<p>5. Przeno\u015bnik ta\u015bmowy z podw\u00f3jn\u0105 pr\u0119dko\u015bci\u0105,<br \/>\nTyp: TNS 4000\/2 V- CT<br \/>\nD\u0142ugo\u015b\u0107 ca\u0142kowita 4000 mm<br \/>\nRegulowana pr\u0119dko\u015b\u0107: 3,4 &#8211; 59,3 m \/ min<br \/>\nTeleskopowa obudowa<br \/>\nZainstalowana moc elektryczna 1,1 kW<\/p>\n<p>6. Suszarnia pietrowa, wielokondygnacyjny kolektor pod\u0142ogowy z ciep\u0142ym powietrzem \/ VL<br \/>\nTyp: PF2000<br \/>\n5 nap\u0119dzanych palet ta\u015bmowych. Max. grubosc elementow lakierowanych: 87,5 mm<br \/>\nD\u0142ugo\u015b\u0107 efektywna: 7400 mm<br \/>\nCzynnik grzewczy: woda<\/p>\n<p>7. Tunel do suszenia ciep\u0142ym powietrzem Aquadry<br \/>\nD\u0142ugo\u015b\u0107 ca\u0142kowita: 4500 mm<br \/>\nWydajno\u015b\u0107 wentylatora nawiewnego i cyrkulacyjnego: 9000 m\u00b3 \/ h<br \/>\nZainstalowana moc elektryczna: 8,05<br \/>\nZainstalowana moc grzewcza: 100000 Kcal \/ h<br \/>\nCzynnik grzewczy: woda<br \/>\nD\u0142ugo\u015b\u0107 przeno\u015bnika pr\u0119towego: 5500 mm<br \/>\nPr\u0119dko\u015b\u0107 max. 14 m \/ min; min. 2,1 m \/ min<br \/>\nPrzeno\u015bnik pr\u0119towy z podw\u00f3jnym \u0142a\u0144cuchem i chromowanymi pr\u0119tami o \u015brednicy 25 mm<\/p>\n<p>8. Tunel UV Typ: UV 2000 M1 + UV 2000 IC M2 + TTE skladajacy sie z:<br \/>\na) Wysokowydajny tunel UV z 1 lamp\u0105<br \/>\nD\u0142ugo\u015b\u0107 ca\u0142kowita: 1560 mm<br \/>\nModu\u0142 z pojedyncz\u0105 wi\u0105zk\u0105 i 1 lamp\u0105 galow\u0105 P420,<br \/>\nMoc lampy: 60 &#8211; 120 W \/ cm<br \/>\nZainstalowana moc elektryczna maks .: 18,3 kW<br \/>\nSzafka sterownicza na 1 lamp\u0119<\/p>\n<p>b) Wysokowydajny tunel UV z 2 lampami na skos<br \/>\nCa\u0142kowita d\u0142ugo\u015b\u0107: 2506 mm, 2 modu\u0142y z pojedyncz\u0105 belk\u0105 z 2 lampami Quecksilber P367<br \/>\nZainstalowana moc elektryczna min .: (80 W \/ cm) 26,05 kW; max. (120 W \/ cm) 38,25 kW<br \/>\nSzafa sterownicza na 2 lampy<\/p>\n<p>c) Przeno\u015bnik pr\u0119towy &#8211; lekki, D\u0142ugo\u015b\u0107: 3500 mm<br \/>\nPr\u0119dko\u015b\u0107 max. 14 m \/ min; min. 2,1 m \/ min<br \/>\nPrzeno\u015bnik pr\u0119towy z podw\u00f3jnymi \u0142a\u0144cuchami i chromowanymi pr\u0119tami o \u015brednicy 25 mm<br \/>\nZainstalowana moc elektryczna: 0,37 kW<\/p>\n<p>9. Przeno\u015bnik rolkowy odprowadzaj\u0105cy, Typ: TRC 2500<br \/>\nD\u0142ugo\u015b\u0107: 2500 mm, rolki pokryte PVC<br \/>\n\u015arednica: 66 mm<br \/>\nMoc: 0,26 kW<br \/>\nPr\u0119dko\u015b\u0107: 12,9 m \/ min<\/p>\n<p>10. Instalacja filtrowania powietrza i grupa nawil\u017cania Typ: GTTA usytowany na konstrukcji ramowej nad tunelem UV.<br \/>\nWentylator nawiewno-cyrkulacyjny, wydajno\u015b\u0107: 24000 m\u00b3 \/ h<br \/>\nZainstalowana moc elektryczna: 10,3 kW<br \/>\nZainstalowana moc grzewcza 216000 Kcal \/ h<br \/>\nZu\u017cycie spr\u0119\u017conego powietrza 2 NI \/ min<br \/>\nNagrzewnica Q = 216000 KCAL \/ H<br \/>\nCzynnik grzewczy: woda<br \/>\nJednostka nawil\u017caj\u0105ca<\/p>\n<p>Wymiary (d\u0142. X szer. X wys.) 39,90 m x 3,55 m x 5,70 m (maks.)<\/p>\n<p>(Z zastrze\u017ceniem b\u0142\u0119d\u00f3w, zmian technicznych i wcze\u015bniejszej sprzeda\u017cy)<\/p>\n","protected":false},"excerpt":{"rendered":"<p>Instalacja lakiernicza \/ natryskowa CEFLA iBotic, rok budowy 2008 Specyfikacja techniczna Wymiary element\u00f3w roboczych: D\u0142ugo\u015b\u0107 max. 3500 mm; min. 300 mm Szeroko\u015b\u0107 max. 1300 mm; min. 10 mm Wysoko\u015b\u0107 max. 80 mm; min. 10 mm Gi\u0119cie 10 mm Minimalna temperatura -5 \u00b0 C Czynnik grzewczy: woda 90 \u00b0 ci\u015bnienie 6 bar max Strona sterowania: prawa [&hellip;]<\/p>\n","protected":false},"featured_media":12755,"template":"","meta":{"_monsterinsights_skip_tracking":false,"_monsterinsights_sitenote_active":false,"_monsterinsights_sitenote_note":"","_monsterinsights_sitenote_category":0,"ngg_post_thumbnail":0},"product_cat":[306],"product_tag":[],"class_list":{"0":"post-12714","1":"product","2":"type-product","3":"status-publish","4":"has-post-thumbnail","6":"product_cat-maszyny-do-obrobki-powierzchni","8":"first","9":"instock","10":"shipping-taxable","11":"product-type-simple"},"_links":{"self":[{"href":"https:\/\/iberus.pl\/index.php?rest_route=\/wp\/v2\/product\/12714"}],"collection":[{"href":"https:\/\/iberus.pl\/index.php?rest_route=\/wp\/v2\/product"}],"about":[{"href":"https:\/\/iberus.pl\/index.php?rest_route=\/wp\/v2\/types\/product"}],"wp:featuredmedia":[{"embeddable":true,"href":"https:\/\/iberus.pl\/index.php?rest_route=\/wp\/v2\/media\/12755"}],"wp:attachment":[{"href":"https:\/\/iberus.pl\/index.php?rest_route=%2Fwp%2Fv2%2Fmedia&parent=12714"}],"wp:term":[{"taxonomy":"product_cat","embeddable":true,"href":"https:\/\/iberus.pl\/index.php?rest_route=%2Fwp%2Fv2%2Fproduct_cat&post=12714"},{"taxonomy":"product_tag","embeddable":true,"href":"https:\/\/iberus.pl\/index.php?rest_route=%2Fwp%2Fv2%2Fproduct_tag&post=12714"}],"curies":[{"name":"wp","href":"https:\/\/api.w.org\/{rel}","templated":true}]}}