{"id":12623,"date":"2020-03-18T13:10:06","date_gmt":"2020-03-18T13:10:06","guid":{"rendered":"https:\/\/iberus.pl\/?post_type=product&#038;p=12623"},"modified":"2021-09-04T15:31:14","modified_gmt":"2021-09-04T15:31:14","slug":"podwojna-pila-ukosnica-emmegi-model-twin-isola-electra-sun","status":"publish","type":"product","link":"https:\/\/iberus.pl\/?product=podwojna-pila-ukosnica-emmegi-model-twin-isola-electra-sun","title":{"rendered":"Podw\u00f3jna pila uko\u015bnica Emmegi Model Twin Isola Electra Sun"},"content":{"rendered":"<p><iframe loading=\"lazy\" src=\"\/\/www.youtube.com\/embed\/CM78zZ-oEvE?t=1s\" width=\"560\" height=\"314\" allowfullscreen=\"allowfullscreen\"><\/iframe><\/p>\n<p>Min. d\u0142ugo\u015b\u0107 ci\u0119cia 350 mm<\/p>\n<p>Mak. d\u0142ugo\u015b\u0107 ci\u0119cia 6000 mm<\/p>\n<p>\u015arednica pily 500 mm<\/p>\n<p>\u015arednica otworu 32 mm<\/p>\n<p>Nap\u0119dy pil 2 x 2,5 kW<\/p>\n<p>3 osie CNC (dlugosc + 2 k\u0105ty)<\/p>\n<p>Zakres przestawiania pil 22 \u00b0 &#8211; 90 \u00b0<\/p>\n<p>Urz\u0105dzenie zaciskowe 2 + 3 poziome si\u0142owniki mocuj\u0105ce<\/p>\n<p>Obroty silnika pily 2800 \/ min<\/p>\n<p>Pr\u0119dko\u015b\u0107 posuwu pil 0-60 mm \/ s<\/p>\n<p>Pr\u0119dko\u015b\u0107 ci\u0119cia (pr\u0119dko\u015b\u0107 obwodowa ostrza) 73 m \/ s<\/p>\n<p>Pr\u0119dko\u015b\u0107 przesuwu w\u00f3zka 20 m \/ min<\/p>\n<p>Centralna regulacja zespo\u0142u pi\u0142y z regulacj\u0105 d\u0142ugo\u015bci z elektroniczn\u0105 regulacj\u0105 po\u0142o\u017cenia<\/p>\n<p>Ci\u015bnienie robocze 6 + 8 bar<\/p>\n<p>Zu\u017cycie powietrza na cykl przy 6 barach 80 NL<\/p>\n<p>Instalacja ch\u0142odz\u0105ca<\/p>\n<p>Drukarka<\/p>\n<p>Kabina d\u017awi\u0119koszczelna<\/p>\n<p>Ca\u0142kowita moc zainstalowana 7 kW<\/p>\n<p>Wymiar 7950 x 2000 x 2095<\/p>\n<p>Waga 3760 kg<\/p>\n<p>(Z zastrze\u017ceniem b\u0142\u0119d\u00f3w technicznych \/ modyfikacji i wcze\u015bniejszej sprzeda\u017cy)<\/p>\n","protected":false},"excerpt":{"rendered":"<p>Min. d\u0142ugo\u015b\u0107 ci\u0119cia 350 mm Mak. d\u0142ugo\u015b\u0107 ci\u0119cia 6000 mm \u015arednica pily 500 mm \u015arednica otworu 32 mm Nap\u0119dy pil 2 x 2,5 kW 3 osie CNC (dlugosc + 2 k\u0105ty) Zakres przestawiania pil 22 \u00b0 &#8211; 90 \u00b0 Urz\u0105dzenie zaciskowe 2 + 3 poziome si\u0142owniki mocuj\u0105ce Obroty silnika pily 2800 \/ min Pr\u0119dko\u015b\u0107 posuwu [&hellip;]<\/p>\n","protected":false},"featured_media":12604,"template":"","meta":{"_monsterinsights_skip_tracking":false,"_monsterinsights_sitenote_active":false,"_monsterinsights_sitenote_note":"","_monsterinsights_sitenote_category":0,"ngg_post_thumbnail":0},"product_cat":[380,338],"product_tag":[],"class_list":{"0":"post-12623","1":"product","2":"type-product","3":"status-publish","4":"has-post-thumbnail","6":"product_cat-polish-pl","7":"product_cat-sprzedane","9":"first","10":"instock","11":"shipping-taxable","12":"product-type-simple"},"_links":{"self":[{"href":"https:\/\/iberus.pl\/index.php?rest_route=\/wp\/v2\/product\/12623"}],"collection":[{"href":"https:\/\/iberus.pl\/index.php?rest_route=\/wp\/v2\/product"}],"about":[{"href":"https:\/\/iberus.pl\/index.php?rest_route=\/wp\/v2\/types\/product"}],"wp:featuredmedia":[{"embeddable":true,"href":"https:\/\/iberus.pl\/index.php?rest_route=\/wp\/v2\/media\/12604"}],"wp:attachment":[{"href":"https:\/\/iberus.pl\/index.php?rest_route=%2Fwp%2Fv2%2Fmedia&parent=12623"}],"wp:term":[{"taxonomy":"product_cat","embeddable":true,"href":"https:\/\/iberus.pl\/index.php?rest_route=%2Fwp%2Fv2%2Fproduct_cat&post=12623"},{"taxonomy":"product_tag","embeddable":true,"href":"https:\/\/iberus.pl\/index.php?rest_route=%2Fwp%2Fv2%2Fproduct_tag&post=12623"}],"curies":[{"name":"wp","href":"https:\/\/api.w.org\/{rel}","templated":true}]}}