{"id":12553,"date":"2020-06-17T11:20:40","date_gmt":"2020-06-17T11:20:40","guid":{"rendered":"https:\/\/iberus.pl\/?post_type=product&#038;p=12553"},"modified":"2021-09-04T15:30:27","modified_gmt":"2021-09-04T15:30:27","slug":"3-osiowa-frezarka-cnc-emmegi-phantomatic-t4-ce","status":"publish","type":"product","link":"https:\/\/iberus.pl\/?product=3-osiowa-frezarka-cnc-emmegi-phantomatic-t4-ce","title":{"rendered":"CNC Emmegi Phantomatic Isola T4, CE &#8211; 3 osiowa frezarka"},"content":{"rendered":"<p><iframe loading=\"lazy\" src=\"\/\/www.youtube.com\/embed\/yVOsAHIDiJo\" width=\"560\" height=\"314\" allowfullscreen=\"allowfullscreen\"><\/iframe><\/p>\n<p>Frezowanie i ci\u0119cie &#8211; zoptymalizowane pod k\u0105tem produkcji ram, okien, drzwi z aluminium, PCV itp.<\/p>\n<p>Ilosc przepracowanych godzin &nbsp;303 h (maszyna nie pracowala systematycznie od roku 2009)<\/p>\n<p>Specyfikacja techniczna:<\/p>\n<p>Obszar roboczy X &#8211; 3400 mm, Y &#8211; 300, Z &#8211; 295 mm<\/p>\n<p>Wrzeciona elektryczne HSD &#8211; 5,5 kW &#8211; max. 18000 obr \/ min, z\u0142\u0105cze ISO 30<\/p>\n<p>Zmiana pozycji narz\u0119dzia 3 + 1<\/p>\n<p>St\u00f3\u0142 roboczy 4 + 2 zaciski z pozycjonowaniem (r\u0119cznym)<\/p>\n<p>Pneumatyczne ch\u0142odzenie i dzia\u0142anie zacisku<\/p>\n<p>21-calowy nowy monitor LCD<\/p>\n<p>Oprogramowanie operacyjne Windows 2000<\/p>\n<p>Oprogramowanie produkcyjne CAM PLUS, Editor i Drill<\/p>\n<p>Sterowanie numeryczne SAB2001<\/p>\n<p>Ca\u0142kowita moc przy\u0142\u0105czeniowa 7,5 kW<\/p>\n<p>Waga 1550 kg<\/p>\n<p>Wymiary 5472 x 2200 x 2200 mm<\/p>\n<p>(Z zastrze\u017ceniem b\u0142\u0119d\u00f3w technicznych \/ modyfikacji i wcze\u015bniejszej sprzeda\u017cy)<\/p>\n","protected":false},"excerpt":{"rendered":"<p>Frezowanie i ci\u0119cie &#8211; zoptymalizowane pod k\u0105tem produkcji ram, okien, drzwi z aluminium, PCV itp. Ilosc przepracowanych godzin &nbsp;303 h (maszyna nie pracowala systematycznie od roku 2009) Specyfikacja techniczna: Obszar roboczy X &#8211; 3400 mm, Y &#8211; 300, Z &#8211; 295 mm Wrzeciona elektryczne HSD &#8211; 5,5 kW &#8211; max. 18000 obr \/ min, z\u0142\u0105cze [&hellip;]<\/p>\n","protected":false},"featured_media":12830,"template":"","meta":{"_monsterinsights_skip_tracking":false,"_monsterinsights_sitenote_active":false,"_monsterinsights_sitenote_note":"","_monsterinsights_sitenote_category":0,"ngg_post_thumbnail":0},"product_cat":[380,338],"product_tag":[],"class_list":{"0":"post-12553","1":"product","2":"type-product","3":"status-publish","4":"has-post-thumbnail","6":"product_cat-polish-pl","7":"product_cat-sprzedane","9":"first","10":"instock","11":"shipping-taxable","12":"product-type-simple"},"_links":{"self":[{"href":"https:\/\/iberus.pl\/index.php?rest_route=\/wp\/v2\/product\/12553"}],"collection":[{"href":"https:\/\/iberus.pl\/index.php?rest_route=\/wp\/v2\/product"}],"about":[{"href":"https:\/\/iberus.pl\/index.php?rest_route=\/wp\/v2\/types\/product"}],"wp:featuredmedia":[{"embeddable":true,"href":"https:\/\/iberus.pl\/index.php?rest_route=\/wp\/v2\/media\/12830"}],"wp:attachment":[{"href":"https:\/\/iberus.pl\/index.php?rest_route=%2Fwp%2Fv2%2Fmedia&parent=12553"}],"wp:term":[{"taxonomy":"product_cat","embeddable":true,"href":"https:\/\/iberus.pl\/index.php?rest_route=%2Fwp%2Fv2%2Fproduct_cat&post=12553"},{"taxonomy":"product_tag","embeddable":true,"href":"https:\/\/iberus.pl\/index.php?rest_route=%2Fwp%2Fv2%2Fproduct_tag&post=12553"}],"curies":[{"name":"wp","href":"https:\/\/api.w.org\/{rel}","templated":true}]}}