{"id":10957,"date":"2018-02-01T15:02:06","date_gmt":"2018-02-01T15:02:06","guid":{"rendered":"http:\/\/iberus.pl\/?post_type=product&#038;p=10957"},"modified":"2021-03-11T08:24:56","modified_gmt":"2021-03-11T08:24:56","slug":"poliermaschine-gmb-model-roll-mit-oszillation","status":"publish","type":"product","link":"https:\/\/iberus.pl\/?product=poliermaschine-gmb-model-roll-mit-oszillation","title":{"rendered":"Poliermaschine GMB Model Roll mit Oszillation."},"content":{"rendered":"<table cellspacing=\"0\" cellpadding=\"0\">\n<tbody>\n<tr>\n<td valign=\"top\">\n<p>Maschinen-Nr.<\/p>\n<\/td>\n<td valign=\"top\">\n<p>920227<\/p>\n<\/td>\n<\/tr>\n<tr>\n<td valign=\"top\">\n<p>Arbeitsbreite<\/p>\n<\/td>\n<td valign=\"top\">\n<p>1400mm<\/p>\n<\/td>\n<\/tr>\n<tr>\n<td valign=\"top\">\n<p>Durchlassh\u00f6he<\/p>\n<\/td>\n<td valign=\"top\">\n<p>10 &#8211; 150 mm, elektrisch verstellbar<\/p>\n<\/td>\n<\/tr>\n<tr>\n<td valign=\"top\">\n<p>Werkst\u00fcckauflage&nbsp;<\/p>\n<\/td>\n<td valign=\"top\">\n<p>ca. 5000 x 1400 mm mit Klemmleisten<\/p>\n<\/td>\n<\/tr>\n<tr>\n<td valign=\"top\">\n<p>Arbeitstischl\u00e4nge<\/p>\n<\/td>\n<td valign=\"top\">\n<p>5800 mm<\/p>\n<\/td>\n<\/tr>\n<tr>\n<td valign=\"top\">\n<p>Arbeitstischbreite<\/p>\n<\/td>\n<td valign=\"top\">\n<p>1400 mm<\/p>\n<\/td>\n<\/tr>\n<tr>\n<td valign=\"top\">\n<p>Polieraggregaten<\/p>\n<\/td>\n<td valign=\"top\">\n<p>2 St.<\/p>\n<\/td>\n<\/tr>\n<tr>\n<td valign=\"top\">\n<p>1. Polierwalze<\/p>\n<\/td>\n<td valign=\"top\">\n<p>Durchmesser 350 mm<\/p>\n<\/td>\n<\/tr>\n<tr>\n<td valign=\"top\">&nbsp;<\/td>\n<td valign=\"top\">\n<p>Motor 11kW<\/p>\n<\/td>\n<\/tr>\n<tr>\n<td valign=\"top\">&nbsp;<\/td>\n<td valign=\"top\">\n<p>Oszillation 0,37kW<\/p>\n<\/td>\n<\/tr>\n<tr>\n<td valign=\"top\">&nbsp;<\/td>\n<td valign=\"top\">\n<p>Schr\u00e4g gelegen<\/p>\n<\/td>\n<\/tr>\n<tr>\n<td valign=\"top\">\n<p>2. Polierwalze<\/p>\n<\/td>\n<td valign=\"top\">\n<p>Durchmesser 350 mm<\/p>\n<\/td>\n<\/tr>\n<tr>\n<td valign=\"top\">&nbsp;<\/td>\n<td valign=\"top\">\n<p>Motor 11kW<\/p>\n<\/td>\n<\/tr>\n<tr>\n<td valign=\"top\">&nbsp;<\/td>\n<td valign=\"top\">\n<p>Oszillation 0,37kW<\/p>\n<\/td>\n<\/tr>\n<tr>\n<td valign=\"top\">&nbsp;<\/td>\n<td valign=\"top\">\n<p>Gerade gelegen<\/p>\n<\/td>\n<\/tr>\n<tr>\n<td valign=\"top\">\n<p>Vorschub des Tisch stufenlos einstellbar<\/p>\n<\/td>\n<td valign=\"top\">\n<p>Rechts, Links<\/p>\n<\/td>\n<\/tr>\n<tr>\n<td valign=\"top\">\n<p>Elektrischer Anschlusswert&nbsp;<\/p>\n<\/td>\n<td valign=\"top\">\n<p>ca. 24 kW<\/p>\n<\/td>\n<\/tr>\n<tr>\n<td valign=\"top\">\n<p>Gewicht<\/p>\n<\/td>\n<td valign=\"top\">\n<p>2000 kg<\/p>\n<\/td>\n<\/tr>\n<tr>\n<td valign=\"top\">\n<p>Platzbedarf<\/p>\n<\/td>\n<td valign=\"top\">\n<p>5800 x 2300 x 1800 mm<\/p>\n<\/td>\n<\/tr>\n<tr>\n<td valign=\"top\">\n<p>Standort<\/p>\n<\/td>\n<td valign=\"top\">\n<p>Lager Gdansk \/ Polen<\/p>\n<\/td>\n<\/tr>\n<\/tbody>\n<\/table>\n<p><i>(\u00c4nderungen und Irrt\u00fcmer in den technischen Daten sowie Zwischenverkauf vorbehalten)<\/i><\/p>\n","protected":false},"excerpt":{"rendered":"<p>Maschinen-Nr. 920227 Arbeitsbreite 1400mm Durchlassh\u00f6he 10 &#8211; 150 mm, elektrisch verstellbar Werkst\u00fcckauflage&nbsp; ca. 5000 x 1400 mm mit Klemmleisten Arbeitstischl\u00e4nge 5800 mm Arbeitstischbreite 1400 mm Polieraggregaten 2 St. 1. Polierwalze Durchmesser 350 mm &nbsp; Motor 11kW &nbsp; Oszillation 0,37kW &nbsp; Schr\u00e4g gelegen 2. Polierwalze Durchmesser 350 mm &nbsp; Motor 11kW &nbsp; Oszillation 0,37kW &nbsp; Gerade [&hellip;]<\/p>\n","protected":false},"featured_media":10950,"template":"","meta":{"_monsterinsights_skip_tracking":false,"_monsterinsights_sitenote_active":false,"_monsterinsights_sitenote_note":"","_monsterinsights_sitenote_category":0,"ngg_post_thumbnail":0},"product_cat":[340],"product_tag":[],"class_list":{"0":"post-10957","1":"product","2":"type-product","3":"status-publish","4":"has-post-thumbnail","6":"product_cat-verkauft","8":"first","9":"instock","10":"shipping-taxable","11":"product-type-simple"},"_links":{"self":[{"href":"https:\/\/iberus.pl\/index.php?rest_route=\/wp\/v2\/product\/10957"}],"collection":[{"href":"https:\/\/iberus.pl\/index.php?rest_route=\/wp\/v2\/product"}],"about":[{"href":"https:\/\/iberus.pl\/index.php?rest_route=\/wp\/v2\/types\/product"}],"wp:featuredmedia":[{"embeddable":true,"href":"https:\/\/iberus.pl\/index.php?rest_route=\/wp\/v2\/media\/10950"}],"wp:attachment":[{"href":"https:\/\/iberus.pl\/index.php?rest_route=%2Fwp%2Fv2%2Fmedia&parent=10957"}],"wp:term":[{"taxonomy":"product_cat","embeddable":true,"href":"https:\/\/iberus.pl\/index.php?rest_route=%2Fwp%2Fv2%2Fproduct_cat&post=10957"},{"taxonomy":"product_tag","embeddable":true,"href":"https:\/\/iberus.pl\/index.php?rest_route=%2Fwp%2Fv2%2Fproduct_tag&post=10957"}],"curies":[{"name":"wp","href":"https:\/\/api.w.org\/{rel}","templated":true}]}}