{"id":10926,"date":"2019-04-01T14:41:09","date_gmt":"2019-04-01T14:41:09","guid":{"rendered":"http:\/\/iberus.pl\/?post_type=product&#038;p=10926"},"modified":"2021-03-09T17:12:14","modified_gmt":"2021-03-09T17:12:14","slug":"tunel-suszarnia-pietrowa-superfici-model-etc2-150-6500","status":"publish","type":"product","link":"https:\/\/iberus.pl\/?product=tunel-suszarnia-pietrowa-superfici-model-etc2-150-6500","title":{"rendered":"Tunel\/suszarnia pietrowa Superfici, model: ETC2\u00a0150 6500"},"content":{"rendered":"<p>dlugosc zew. 7800 mm<\/p>\n<p>szerokosc zew. 4400 mm<\/p>\n<p>wysokosc zew. 4500 mm ( + 600 mm miejsca na inspekcje)<\/p>\n<p>szerokosc uzytkowa palety 1300 mm<\/p>\n<p>dlugosc uzytkowa palety 6200 mm<\/p>\n<p>ilosc palet 48<\/p>\n<p>max. nosnosc palety 120 kg<\/p>\n<p>predkosc wejsciowa i wyjsciowa 2,5 \u2013 16 m\/min<\/p>\n<p>odstep pionowy palet 150 mm<\/p>\n<p>odstep palet 88 mm<\/p>\n<p>max. grubosc elementow 60 mm<\/p>\n<p><b>Odparowanie <\/b><\/p>\n<p>przepustowosc powietrza 2500 m\u00b3\/h (<span class=\"Apple-converted-space\">&nbsp; <\/span>100% wydalane)<\/p>\n<p><b>Suszenie<\/b><\/p>\n<p>wentylatory osiowe 2<span class=\"Apple-converted-space\">&nbsp; <\/span>na powietrze obiegowe i \u201cswieze\u201d<\/p>\n<p>przepustowosc 3000 m\u00b3\/h powietrza obiegowego<\/p>\n<p>przepustowosc 500 m\u00b3\/h powietrza swiezego<\/p>\n<p>urzadzenie grzewcze 2<span class=\"Apple-converted-space\">&nbsp; <\/span>z automatyczna regulacja temperatury<\/p>\n<p>wydajnosc grzewcza 2 x 65000 Kcal\/h<\/p>\n<p><b>Chlodzenie<\/b><\/p>\n<p>wentylatowy osiowe 2<\/p>\n<p>wentylator zasilajacy 1<\/p>\n<p>wentylator na powietrze obiegowe i zuzyte<\/p>\n<p>przepustowosc powietrza chlodzenia 4500 m\u00b3\/h<\/p>\n<p>przepustowosc zuzytego powietrza 2000 m\u00b3\/h<\/p>\n<p>moc elektryczna 18,8 kW<\/p>\n<p>moc grzewcza 144000 Kcal\/h<\/p>\n<p>sprezone powietrze 100 NL\/min<\/p>\n<p>&nbsp;<\/p>\n<p><i><span class=\"Apple-converted-space\">&nbsp;<\/span>(Z zastrze\u017ceniem, pomy\u0142ek, zmian technicznych i wcze\u015bniejszej sprzeda\u017cy)<\/i><\/p>\n","protected":false},"excerpt":{"rendered":"<p>dlugosc zew. 7800 mm szerokosc zew. 4400 mm wysokosc zew. 4500 mm ( + 600 mm miejsca na inspekcje) szerokosc uzytkowa palety 1300 mm dlugosc uzytkowa palety 6200 mm ilosc palet 48 max. nosnosc palety 120 kg predkosc wejsciowa i wyjsciowa 2,5 \u2013 16 m\/min odstep pionowy palet 150 mm odstep palet 88 mm max. [&hellip;]<\/p>\n","protected":false},"featured_media":10927,"template":"","meta":{"_monsterinsights_skip_tracking":false,"_monsterinsights_sitenote_active":false,"_monsterinsights_sitenote_note":"","_monsterinsights_sitenote_category":0,"ngg_post_thumbnail":0},"product_cat":[318,306],"product_tag":[],"class_list":{"0":"post-10926","1":"product","2":"type-product","3":"status-publish","4":"has-post-thumbnail","6":"product_cat-kotlownie-suszarnie","7":"product_cat-maszyny-do-obrobki-powierzchni","9":"first","10":"instock","11":"shipping-taxable","12":"product-type-simple"},"_links":{"self":[{"href":"https:\/\/iberus.pl\/index.php?rest_route=\/wp\/v2\/product\/10926"}],"collection":[{"href":"https:\/\/iberus.pl\/index.php?rest_route=\/wp\/v2\/product"}],"about":[{"href":"https:\/\/iberus.pl\/index.php?rest_route=\/wp\/v2\/types\/product"}],"wp:featuredmedia":[{"embeddable":true,"href":"https:\/\/iberus.pl\/index.php?rest_route=\/wp\/v2\/media\/10927"}],"wp:attachment":[{"href":"https:\/\/iberus.pl\/index.php?rest_route=%2Fwp%2Fv2%2Fmedia&parent=10926"}],"wp:term":[{"taxonomy":"product_cat","embeddable":true,"href":"https:\/\/iberus.pl\/index.php?rest_route=%2Fwp%2Fv2%2Fproduct_cat&post=10926"},{"taxonomy":"product_tag","embeddable":true,"href":"https:\/\/iberus.pl\/index.php?rest_route=%2Fwp%2Fv2%2Fproduct_tag&post=10926"}],"curies":[{"name":"wp","href":"https:\/\/api.w.org\/{rel}","templated":true}]}}