{"id":10846,"date":"2019-03-31T12:18:48","date_gmt":"2019-03-31T12:18:48","guid":{"rendered":"http:\/\/iberus.pl\/?post_type=product&#038;p=10846"},"modified":"2019-03-31T16:51:06","modified_gmt":"2019-03-31T16:51:06","slug":"spritzmaschine-cefla-spraybotic-re-5-bj-2000","status":"publish","type":"product","link":"https:\/\/iberus.pl\/?product=spritzmaschine-cefla-spraybotic-re-5-bj-2000","title":{"rendered":"Spritzmaschine Cefla Spraybotic RE 5"},"content":{"rendered":"<p><i>Roboter mit Overspray \u2013 Trockenabsaugsystem<span class=\"Apple-converted-space\">&nbsp;<\/span><\/i><\/p>\n<table width=\"473.2\" cellspacing=\"0\" cellpadding=\"0\">\n<tbody>\n<tr>\n<td valign=\"top\">\n<p>Masch.-Nr.:<\/p>\n<\/td>\n<td valign=\"top\">\n<p>01190 \/ 2<\/p>\n<\/td>\n<\/tr>\n<tr>\n<td valign=\"top\">\n<p>Arbeitsbreite<span class=\"Apple-converted-space\">&nbsp;<\/span><\/p>\n<\/td>\n<td valign=\"top\">\n<p>20 &#8211; 1300 mm<\/p>\n<\/td>\n<\/tr>\n<tr>\n<td valign=\"top\">\n<p>Werkst\u00fcckh\u00f6he<\/p>\n<\/td>\n<td valign=\"top\">\n<p>8 \u2013 &nbsp;?? &nbsp;mm<\/p>\n<\/td>\n<\/tr>\n<tr>\n<td valign=\"top\">\n<p>Arbeitsh\u00f6he<\/p>\n<\/td>\n<td valign=\"top\">\n<p>900 mm, +-20mm<\/p>\n<\/td>\n<\/tr>\n<tr>\n<td valign=\"top\">\n<p>Vorschubgeschwindigkeit <span class=\"Apple-converted-space\">&nbsp;<\/span><\/p>\n<\/td>\n<td valign=\"top\">\n<p>2 \u2013 6 m\/min<\/p>\n<\/td>\n<\/tr>\n<tr>\n<td valign=\"top\">\n<p>Werkst\u00fcckerkennung <span class=\"Apple-converted-space\">&nbsp;<\/span><\/p>\n<\/td>\n<td valign=\"top\">&nbsp;<\/td>\n<\/tr>\n<tr>\n<td valign=\"top\">\n<p>Spritzarm mit 5 Achsen<\/p>\n<\/td>\n<td valign=\"top\">\n<p>Einzelschlittenl\u00e4ufer mit arm der auf Pr\u00e4zision gleitf\u00fchrungen l\u00e4uft.<\/p>\n<\/td>\n<\/tr>\n<tr>\n<td valign=\"top\">\n<p>Anzahl der installierten Spritzpistole<span class=\"Apple-converted-space\">&nbsp;<\/span><\/p>\n<\/td>\n<td valign=\"top\">\n<p>4 Stk. Kremlin ATX<\/p>\n<\/td>\n<\/tr>\n<tr>\n<td valign=\"top\">\n<p>Automatische Pistolenreinigungssystem<span class=\"Apple-converted-space\">&nbsp;<\/span><\/p>\n<\/td>\n<td valign=\"top\">&nbsp;<\/td>\n<\/tr>\n<tr>\n<td valign=\"top\">\n<p>CFB &#8211; Transportbandsystem mit Lackr\u00fcckgewinnungseinheit<\/p>\n<\/td>\n<td valign=\"top\">\n<p>mit Band- Selbstreinigungssystem, ausgestattet mit einer geeigneten Lackr\u00fcckgewinnungs- und Reinigungseinheit.<\/p>\n<\/td>\n<\/tr>\n<tr>\n<td valign=\"top\">\n<p>Lackpumpe Kremlin<\/p>\n<\/td>\n<td valign=\"top\">\n<p>Type 16 \u2013 120, 96 bar, Volumenstrom 14l\/min, \u00dcbersetzungverh\u00e4ltnis 16:1<\/p>\n<\/td>\n<\/tr>\n<tr>\n<td valign=\"top\">\n<p>Einlassluft<\/p>\n<\/td>\n<td valign=\"top\">&nbsp;<\/td>\n<\/tr>\n<tr>\n<td valign=\"top\">\n<p>\u00dcberdruckkabine<span class=\"Apple-converted-space\">&nbsp;<\/span><\/p>\n<\/td>\n<td valign=\"top\">\n<p>Mit kontrollierten Bel\u00fcftungssystem<span class=\"Apple-converted-space\">&nbsp;<\/span><\/p>\n<\/td>\n<\/tr>\n<tr>\n<td valign=\"top\">\n<p>Abluftleistung<\/p>\n<\/td>\n<td valign=\"top\">&nbsp;<\/td>\n<\/tr>\n<tr>\n<td valign=\"top\">\n<p>Druckluft<span class=\"Apple-converted-space\">&nbsp;<\/span><\/p>\n<\/td>\n<td valign=\"top\">\n<p>6bar<\/p>\n<\/td>\n<\/tr>\n<tr>\n<td valign=\"top\">\n<p>Ex-Ausf\u00fchrung<\/p>\n<\/td>\n<td valign=\"top\">&nbsp;<\/td>\n<\/tr>\n<tr>\n<td valign=\"top\">\n<p>Bedienungspult<\/p>\n<\/td>\n<td valign=\"top\">\n<p>Touch Screen<\/p>\n<\/td>\n<\/tr>\n<tr>\n<td valign=\"top\">\n<p>Software<\/p>\n<\/td>\n<td valign=\"top\">\n<p>Cefla<\/p>\n<\/td>\n<\/tr>\n<tr>\n<td valign=\"top\">\n<p>Betriebsspannung<\/p>\n<\/td>\n<td valign=\"top\">\n<p>400 V, 50 Hz<\/p>\n<\/td>\n<\/tr>\n<tr>\n<td valign=\"top\">\n<p>Abmessungen Schaltschrank<\/p>\n<\/td>\n<td valign=\"top\">\n<p>800x600x1900mm<\/p>\n<\/td>\n<\/tr>\n<tr>\n<td valign=\"top\">\n<p>Abmessungen Spritzmaschine<\/p>\n<\/td>\n<td valign=\"top\">&nbsp;<\/td>\n<\/tr>\n<tr>\n<td valign=\"top\">\n<p>Installierte Leistung des Robot<\/p>\n<\/td>\n<td valign=\"top\">\n<p>40,5 kW<\/p>\n<\/td>\n<\/tr>\n<tr>\n<td valign=\"top\">\n<p>Gewicht<\/p>\n<\/td>\n<td valign=\"top\">\n<p>ca. 6.000 kg<\/p>\n<\/td>\n<\/tr>\n<tr>\n<td valign=\"top\">\n<p>Standort<\/p>\n<\/td>\n<td valign=\"top\">\n<p>Rom, Italy<span class=\"Apple-converted-space\">&nbsp;<\/span><\/p>\n<\/td>\n<\/tr>\n<\/tbody>\n<\/table>\n<p><i>(\u00c4nderungen und Irrt\u00fcmer in den technischen Daten sowie Zwischenverkauf vorbehalten)<\/i><\/p>\n","protected":false},"excerpt":{"rendered":"<p>Roboter mit Overspray \u2013 Trockenabsaugsystem&nbsp; Masch.-Nr.: 01190 \/ 2 Arbeitsbreite&nbsp; 20 &#8211; 1300 mm Werkst\u00fcckh\u00f6he 8 \u2013 &nbsp;?? &nbsp;mm Arbeitsh\u00f6he 900 mm, +-20mm Vorschubgeschwindigkeit &nbsp; 2 \u2013 6 m\/min Werkst\u00fcckerkennung &nbsp; &nbsp; Spritzarm mit 5 Achsen Einzelschlittenl\u00e4ufer mit arm der auf Pr\u00e4zision gleitf\u00fchrungen l\u00e4uft. Anzahl der installierten Spritzpistole&nbsp; 4 Stk. Kremlin ATX Automatische Pistolenreinigungssystem&nbsp; &nbsp; [&hellip;]<\/p>\n","protected":false},"featured_media":10844,"template":"","meta":{"_monsterinsights_skip_tracking":false,"_monsterinsights_sitenote_active":false,"_monsterinsights_sitenote_note":"","_monsterinsights_sitenote_category":0,"ngg_post_thumbnail":0},"product_cat":[310],"product_tag":[],"class_list":{"0":"post-10846","1":"product","2":"type-product","3":"status-publish","4":"has-post-thumbnail","6":"product_cat-oberflachentechnik","8":"first","9":"instock","10":"shipping-taxable","11":"product-type-simple"},"_links":{"self":[{"href":"https:\/\/iberus.pl\/index.php?rest_route=\/wp\/v2\/product\/10846"}],"collection":[{"href":"https:\/\/iberus.pl\/index.php?rest_route=\/wp\/v2\/product"}],"about":[{"href":"https:\/\/iberus.pl\/index.php?rest_route=\/wp\/v2\/types\/product"}],"wp:featuredmedia":[{"embeddable":true,"href":"https:\/\/iberus.pl\/index.php?rest_route=\/wp\/v2\/media\/10844"}],"wp:attachment":[{"href":"https:\/\/iberus.pl\/index.php?rest_route=%2Fwp%2Fv2%2Fmedia&parent=10846"}],"wp:term":[{"taxonomy":"product_cat","embeddable":true,"href":"https:\/\/iberus.pl\/index.php?rest_route=%2Fwp%2Fv2%2Fproduct_cat&post=10846"},{"taxonomy":"product_tag","embeddable":true,"href":"https:\/\/iberus.pl\/index.php?rest_route=%2Fwp%2Fv2%2Fproduct_tag&post=10846"}],"curies":[{"name":"wp","href":"https:\/\/api.w.org\/{rel}","templated":true}]}}