{"id":10829,"date":"2019-03-31T12:12:28","date_gmt":"2019-03-31T12:12:28","guid":{"rendered":"http:\/\/iberus.pl\/?post_type=product&#038;p=10829"},"modified":"2019-03-31T16:51:48","modified_gmt":"2019-03-31T16:51:48","slug":"robot-lakierniczy-cefla-spraybotic-re-5","status":"publish","type":"product","link":"https:\/\/iberus.pl\/?product=robot-lakierniczy-cefla-spraybotic-re-5","title":{"rendered":"Robot lakierniczy Cefla Spraybotic RE 5"},"content":{"rendered":"<p><i>Robot z Overspray \u2013 z systmem odciagu suchego<\/i><\/p>\n<table style=\"width: 562px;\" cellspacing=\"0\" cellpadding=\"0\">\n<tbody>\n<tr>\n<td style=\"width: 226.640625px;\" valign=\"top\">\n<p>Nr maszyny.:<\/p>\n<\/td>\n<td style=\"width: 333.359375px;\" valign=\"top\">\n<p>01190 \/ 2<\/p>\n<\/td>\n<\/tr>\n<tr>\n<td style=\"width: 226.640625px;\" valign=\"top\">\n<p>Szerokosc robocza<span class=\"Apple-converted-space\">&nbsp;<\/span><\/p>\n<\/td>\n<td style=\"width: 333.359375px;\" valign=\"top\">\n<p>20 &#8211; 1300 mm<\/p>\n<\/td>\n<\/tr>\n<tr>\n<td style=\"width: 226.640625px;\" valign=\"top\">\n<p>Wysokosc elementu obrabianego<\/p>\n<\/td>\n<td style=\"width: 333.359375px;\" valign=\"top\">\n<p>8 \u2013 &nbsp;? &nbsp;mm<\/p>\n<\/td>\n<\/tr>\n<tr>\n<td style=\"width: 226.640625px;\" valign=\"top\">\n<p>Wysokosc robocza od podloza<\/p>\n<\/td>\n<td style=\"width: 333.359375px;\" valign=\"top\">\n<p>900 mm, +-20mm<\/p>\n<\/td>\n<\/tr>\n<tr>\n<td style=\"width: 226.640625px;\" valign=\"top\">\n<p>Predkosc posuwu<span class=\"Apple-converted-space\">&nbsp;<\/span><\/p>\n<\/td>\n<td style=\"width: 333.359375px;\" valign=\"top\">\n<p>2 \u2013 6 m\/min<\/p>\n<\/td>\n<\/tr>\n<tr>\n<td style=\"width: 226.640625px;\" valign=\"top\">\n<p>Automatyczne rozpoznanie elementu obrabianego<\/p>\n<\/td>\n<td style=\"width: 333.359375px;\" valign=\"top\">&nbsp;<\/td>\n<\/tr>\n<tr>\n<td style=\"width: 226.640625px;\" valign=\"top\">\n<p>Ramie z piecioma pistoletami<span class=\"Apple-converted-space\">&nbsp;<\/span><\/p>\n<\/td>\n<td style=\"width: 333.359375px;\" valign=\"top\">\n<p>Pojedynczy w\u00f3zek z ramieniem na precyzyjnych prowadnicach przesuwnych.<\/p>\n<\/td>\n<\/tr>\n<tr>\n<td style=\"width: 226.640625px;\" valign=\"top\">\n<p>Liczba zainstalowanych pistolet\u00f3w natryskowych<\/p>\n<\/td>\n<td style=\"width: 333.359375px;\" valign=\"top\">\n<p>4 szt. Kremlin ATX<\/p>\n<\/td>\n<\/tr>\n<tr>\n<td style=\"width: 226.640625px;\" valign=\"top\">\n<p>Automatyczny system czyszczenia pistolet\u00f3w<\/p>\n<\/td>\n<td style=\"width: 333.359375px;\" valign=\"top\">&nbsp;<\/td>\n<\/tr>\n<tr>\n<td style=\"width: 226.640625px;\" valign=\"top\">\n<p>CFB &#8211; przeno\u015bnik ta\u015bmowy z urz\u0105dzeniem do odzyskiwania farby<\/p>\n<\/td>\n<td style=\"width: 333.359375px;\" valign=\"top\">\n<p>z systemem samooczyszczania pasa, wyposa\u017conym w odpowiedni zesp\u00f3\u0142 do odzyskiwania farby i czyszczenia.<\/p>\n<\/td>\n<\/tr>\n<tr>\n<td style=\"width: 226.640625px;\" valign=\"top\">\n<p>Pompa lakiernicza Kremlin<\/p>\n<\/td>\n<td style=\"width: 333.359375px;\" valign=\"top\">\n<p>Typ 16 \u2013 120, 96 bar, Przep\u0142yw obj\u0119to\u015bciowy 14 l \/ min, prze\u0142o\u017cenie 16: 1<\/p>\n<\/td>\n<\/tr>\n<tr>\n<td style=\"width: 226.640625px;\" valign=\"top\">\n<p>Wlot powietrza<\/p>\n<\/td>\n<td style=\"width: 333.359375px;\" valign=\"top\">&nbsp;<\/td>\n<\/tr>\n<tr>\n<td style=\"width: 226.640625px;\" valign=\"top\">\n<p>Kabina ci\u015bnieniowa<\/p>\n<\/td>\n<td style=\"width: 333.359375px;\" valign=\"top\">\n<p>z kontrolowanym systemem wentylacji<\/p>\n<\/td>\n<\/tr>\n<tr>\n<td style=\"width: 226.640625px;\" valign=\"top\">\n<p>Wydajno\u015b\u0107 powietrza wylotowego<\/p>\n<\/td>\n<td style=\"width: 333.359375px;\" valign=\"top\">&nbsp;<\/td>\n<\/tr>\n<tr>\n<td style=\"width: 226.640625px;\" valign=\"top\">\n<p>Sprezone powietrze<\/p>\n<\/td>\n<td style=\"width: 333.359375px;\" valign=\"top\">\n<p>6bar<\/p>\n<\/td>\n<\/tr>\n<tr>\n<td style=\"width: 226.640625px;\" valign=\"top\">\n<p>Normy Ex- do pracy w lakierni<\/p>\n<\/td>\n<td style=\"width: 333.359375px;\" valign=\"top\">&nbsp;<\/td>\n<\/tr>\n<tr>\n<td style=\"width: 226.640625px;\" valign=\"top\">\n<p>Szafa sterownicza z pulpitem i monitorem do obslugi<span class=\"Apple-converted-space\">&nbsp;<\/span><\/p>\n<\/td>\n<td style=\"width: 333.359375px;\" valign=\"top\">&nbsp;<\/td>\n<\/tr>\n<tr>\n<td style=\"width: 226.640625px;\" valign=\"top\">\n<p>Software<\/p>\n<\/td>\n<td style=\"width: 333.359375px;\" valign=\"top\">\n<p>Cefla<\/p>\n<\/td>\n<\/tr>\n<tr>\n<td style=\"width: 226.640625px;\" valign=\"top\">\n<p>Napiecie robocze<\/p>\n<\/td>\n<td style=\"width: 333.359375px;\" valign=\"top\">\n<p>400 V, 50 Hz<\/p>\n<\/td>\n<\/tr>\n<tr>\n<td style=\"width: 226.640625px;\" valign=\"top\">\n<p>Wymiary szafy sterowniczej<\/p>\n<\/td>\n<td style=\"width: 333.359375px;\" valign=\"top\">\n<p>800x600x1900mm<\/p>\n<\/td>\n<\/tr>\n<tr>\n<td style=\"width: 226.640625px;\" valign=\"top\">\n<p>Wymiary robota<\/p>\n<\/td>\n<td style=\"width: 333.359375px;\" valign=\"top\">&nbsp;<\/td>\n<\/tr>\n<tr>\n<td style=\"width: 226.640625px;\" valign=\"top\">\n<p>Zainstalowana calkowita moc<\/p>\n<\/td>\n<td style=\"width: 333.359375px;\" valign=\"top\">\n<p>40,5 kW<\/p>\n<\/td>\n<\/tr>\n<tr>\n<td style=\"width: 226.640625px;\" valign=\"top\">\n<p>Ciezar<\/p>\n<\/td>\n<td style=\"width: 333.359375px;\" valign=\"top\">\n<p>ca. 6.000 kg<\/p>\n<\/td>\n<\/tr>\n<tr>\n<td style=\"width: 226.640625px;\" valign=\"top\">&nbsp;<\/td>\n<td style=\"width: 333.359375px;\" valign=\"top\">&nbsp;<\/td>\n<\/tr>\n<\/tbody>\n<\/table>\n<p><i><span class=\"Apple-converted-space\">&nbsp;<\/span>(Z zastrze\u017ceniem, pomy\u0142ek, zmian technicznych i wcze\u015bniejszej sprzeda\u017cy)<\/i><\/p>\n","protected":false},"excerpt":{"rendered":"<p>Robot z Overspray \u2013 z systmem odciagu suchego Nr maszyny.: 01190 \/ 2 Szerokosc robocza&nbsp; 20 &#8211; 1300 mm Wysokosc elementu obrabianego 8 \u2013 &nbsp;? &nbsp;mm Wysokosc robocza od podloza 900 mm, +-20mm Predkosc posuwu&nbsp; 2 \u2013 6 m\/min Automatyczne rozpoznanie elementu obrabianego &nbsp; Ramie z piecioma pistoletami&nbsp; Pojedynczy w\u00f3zek z ramieniem na precyzyjnych prowadnicach [&hellip;]<\/p>\n","protected":false},"featured_media":10844,"template":"","meta":{"_monsterinsights_skip_tracking":false,"_monsterinsights_sitenote_active":false,"_monsterinsights_sitenote_note":"","_monsterinsights_sitenote_category":0,"ngg_post_thumbnail":0},"product_cat":[306],"product_tag":[],"class_list":{"0":"post-10829","1":"product","2":"type-product","3":"status-publish","4":"has-post-thumbnail","6":"product_cat-maszyny-do-obrobki-powierzchni","8":"first","9":"instock","10":"shipping-taxable","11":"product-type-simple"},"_links":{"self":[{"href":"https:\/\/iberus.pl\/index.php?rest_route=\/wp\/v2\/product\/10829"}],"collection":[{"href":"https:\/\/iberus.pl\/index.php?rest_route=\/wp\/v2\/product"}],"about":[{"href":"https:\/\/iberus.pl\/index.php?rest_route=\/wp\/v2\/types\/product"}],"wp:featuredmedia":[{"embeddable":true,"href":"https:\/\/iberus.pl\/index.php?rest_route=\/wp\/v2\/media\/10844"}],"wp:attachment":[{"href":"https:\/\/iberus.pl\/index.php?rest_route=%2Fwp%2Fv2%2Fmedia&parent=10829"}],"wp:term":[{"taxonomy":"product_cat","embeddable":true,"href":"https:\/\/iberus.pl\/index.php?rest_route=%2Fwp%2Fv2%2Fproduct_cat&post=10829"},{"taxonomy":"product_tag","embeddable":true,"href":"https:\/\/iberus.pl\/index.php?rest_route=%2Fwp%2Fv2%2Fproduct_tag&post=10829"}],"curies":[{"name":"wp","href":"https:\/\/api.w.org\/{rel}","templated":true}]}}