{"id":642,"date":"2014-10-24T15:49:16","date_gmt":"2014-10-24T15:49:16","guid":{"rendered":"http:\/\/gromar.de\/?page_id=642"},"modified":"2014-10-24T15:49:16","modified_gmt":"2014-10-24T15:49:16","slug":"arminius-zylinder-und-winkel-rotorbursten","status":"publish","type":"page","link":"https:\/\/iberus.pl\/?page_id=642","title":{"rendered":"ARMINIUS ZYLINDER- UND WINKEL- ROTORB\u00dcRSTEN"},"content":{"rendered":"<p><img loading=\"lazy\" decoding=\"async\" class=\"alignleft size-full wp-image-643\" src=\"http:\/\/gromar.de\/wp-content\/uploads\/2014\/10\/arminius_szczotka1.jpg\" alt=\"\" width=\"200\" height=\"200\" srcset=\"https:\/\/iberus.pl\/wp-content\/uploads\/2014\/10\/arminius_szczotka1.jpg 200w, https:\/\/iberus.pl\/wp-content\/uploads\/2014\/10\/arminius_szczotka1-150x150.jpg 150w, https:\/\/iberus.pl\/wp-content\/uploads\/2014\/10\/arminius_szczotka1-90x90.jpg 90w\" sizes=\"(max-width: 200px) 100vw, 200px\" \/><strong>Eine Vielzahl \u00e4hnlicher Profile mit einem Werkzeug schleifen<br \/><\/strong>Die Zylinder- und Winkel-Rotorb\u00fcrsten k\u00f6nnen individuell dem Profil oder einer Profilfamilie entsprechend miteinander kombiniert werde<br \/>Dabei bleibt die Nabe um die Bohrung kompakt in H\u00f6he und Durchmesser<\/p>\n<div>\u00a0<\/div>\n<div><\/p>\n<p><strong>Zylinder-Rotorb\u00fcrste<\/strong><br \/>verf\u00fcgbar in Durchmessern von 100 bis 250 mm und H\u00f6hen von 50 bis 200 mm Der Schleifbelag wird separat gewechselt, hierdurch ist ein Vielfach-Nutzen der St\u00fctzb\u00fcrste gegeben<\/p>\n<p>&nbsp;<\/p>\n<p>&nbsp;<\/p>\n<\/div>\n<div>\n<p><strong>Winkel &#8211; Rotorb\u00fcrste<\/strong><br \/>verf\u00fcgbar in Winkeln von 0\u00b0-75\u00b0 und Aussendurchmessern 100-250 mm. Hohe Betriebssicherheit bei Drehzahlen bis 1500 Upm Tiefenmasse 20, 40 und 50 mm verf\u00fcgbar f\u00fcr St\u00fctzb\u00fcrsten und Schleifbelag<\/p>\n<\/div>\n<div>\u00a0<\/div>\n<div><\/p>\n<p><strong>Wechsel des Schleifbelages<\/strong><br \/>Nur der Schleifbelag wird gewechselt, die St\u00fctzb\u00fcrste bleibt dauernd im Einsatz<\/p>\n<p>&nbsp;<\/p>\n<p><img loading=\"lazy\" decoding=\"async\" class=\"aligncenter size-full wp-image-644\" src=\"http:\/\/gromar.de\/wp-content\/uploads\/2014\/10\/pid10_rendering2.png\" alt=\"\" width=\"570\" height=\"228\" srcset=\"https:\/\/iberus.pl\/wp-content\/uploads\/2014\/10\/pid10_rendering2.png 570w, https:\/\/iberus.pl\/wp-content\/uploads\/2014\/10\/pid10_rendering2-300x120.png 300w\" sizes=\"(max-width: 570px) 100vw, 570px\" \/><\/p>\n<\/div>\n","protected":false},"excerpt":{"rendered":"<p>Eine Vielzahl \u00e4hnlicher Profile mit einem Werkzeug schleifenDie Zylinder- und Winkel-Rotorb\u00fcrsten k\u00f6nnen individuell dem Profil oder einer Profilfamilie entsprechend miteinander kombiniert werdeDabei bleibt die Nabe um die Bohrung kompakt in H\u00f6he und Durchmesser \u00a0 Zylinder-Rotorb\u00fcrsteverf\u00fcgbar in Durchmessern von 100 bis 250 mm und H\u00f6hen von 50 bis 200 mm Der Schleifbelag wird separat gewechselt, hierdurch [&hellip;]<\/p>\n","protected":false},"author":6,"featured_media":0,"parent":0,"menu_order":0,"comment_status":"closed","ping_status":"closed","template":"page-szlifowanie.php","meta":{"_monsterinsights_skip_tracking":false,"_monsterinsights_sitenote_active":false,"_monsterinsights_sitenote_note":"","_monsterinsights_sitenote_category":0,"ngg_post_thumbnail":0,"footnotes":""},"class_list":["post-642","page","type-page","status-publish","hentry"],"_links":{"self":[{"href":"https:\/\/iberus.pl\/index.php?rest_route=\/wp\/v2\/pages\/642"}],"collection":[{"href":"https:\/\/iberus.pl\/index.php?rest_route=\/wp\/v2\/pages"}],"about":[{"href":"https:\/\/iberus.pl\/index.php?rest_route=\/wp\/v2\/types\/page"}],"author":[{"embeddable":true,"href":"https:\/\/iberus.pl\/index.php?rest_route=\/wp\/v2\/users\/6"}],"replies":[{"embeddable":true,"href":"https:\/\/iberus.pl\/index.php?rest_route=%2Fwp%2Fv2%2Fcomments&post=642"}],"version-history":[{"count":1,"href":"https:\/\/iberus.pl\/index.php?rest_route=\/wp\/v2\/pages\/642\/revisions"}],"predecessor-version":[{"id":645,"href":"https:\/\/iberus.pl\/index.php?rest_route=\/wp\/v2\/pages\/642\/revisions\/645"}],"wp:attachment":[{"href":"https:\/\/iberus.pl\/index.php?rest_route=%2Fwp%2Fv2%2Fmedia&parent=642"}],"curies":[{"name":"wp","href":"https:\/\/api.w.org\/{rel}","templated":true}]}}