{"id":638,"date":"2014-10-24T15:44:01","date_gmt":"2014-10-24T15:44:01","guid":{"rendered":"http:\/\/gromar.de\/?page_id=638"},"modified":"2014-10-24T15:44:01","modified_gmt":"2014-10-24T15:44:01","slug":"arminius-basic-line-profilschliefsystem","status":"publish","type":"page","link":"https:\/\/iberus.pl\/?page_id=638","title":{"rendered":"ARMINIUS BASIC-LINE PROFILSCHLIEFSYSTEM"},"content":{"rendered":"<p><img loading=\"lazy\" decoding=\"async\" class=\"alignleft size-full wp-image-593\" src=\"http:\/\/gromar.de\/wp-content\/uploads\/2014\/10\/zdj22.png\" alt=\"\" width=\"170\" height=\"145\" \/><\/p>\n<div>\n<p><strong>ARMINIUS BASIC-Line Profilschleifsystem<br \/><\/strong>Professionelles Profilschleifsystem zu einem Handwerker-freundlichen Preis.<\/p>\n<p>&nbsp;<\/p>\n<p>&nbsp;<\/p>\n<p>In variablen Ausf\u00fchrungen einsetzbar als preisg\u00fcnstiges Werkzeug auf Tisch-, CNC-, Durchlaufmaschinen und Kehlautomaten sowohl im Handwerksbetrieb f\u00fcr kleinere St\u00fcckzahlen als auch \u2013 mit entsprechender Best\u00fcckung \u2013 im Industriebetrieb mit hohen Anforderungen an Meterleistung und Pr\u00e4zision.<\/p>\n<p>&nbsp;<\/p>\n<p>&nbsp;<\/p>\n<p>&nbsp;<\/p>\n<p>&nbsp;<\/p>\n<\/div>\n<div>\n<p><strong>Ihr Nutzen:<\/strong><\/p>\n<ul>\n<li>&#8220;All-in-one&#8221; &#8211; Plattform aller Kantenprofile, Abplattungen und Kehlleisten auf einem gemeinsamen Grundk\u00f6rper<\/li>\n<li>F\u00fcr Abplattungsprofile nicht l\u00e4nger eine separate Grundscheibe<\/li>\n<li>3-Stufen Modularsystem erlaubt den Einstieg bei jedem Budget<\/li>\n<li>Industriell mengeng\u00fcnstig hergestellte Kunststoffkomponenten<\/li>\n<li>Auch f\u00fcr fast alle im Praxiseinsatz bereits laufenden Standard- und Kundenprofile<\/li>\n<li>Anwendung schon ab wenigen Laufmetern wirtschaftlich<\/li>\n<li>Wirtschaftliches Profilfr\u00e4sen- und schleifen bei Einzelteil-Fertigung<\/li>\n<li>weltweit verf\u00fcgbarer Online-Support f\u00fcr Webshop, Angebotsgenerierung und Kommunikation der Profil-CAD-Daten<\/li>\n<li>BASIC-Line rennt offene T\u00fcren ein<\/li>\n<\/ul>\n<p>&nbsp;<\/p>\n<p><img loading=\"lazy\" decoding=\"async\" class=\"aligncenter size-full wp-image-639\" src=\"http:\/\/gromar.de\/wp-content\/uploads\/2014\/10\/basicline2.png\" alt=\"\" width=\"570\" height=\"549\" srcset=\"https:\/\/iberus.pl\/wp-content\/uploads\/2014\/10\/basicline2.png 570w, https:\/\/iberus.pl\/wp-content\/uploads\/2014\/10\/basicline2-300x288.png 300w\" sizes=\"(max-width: 570px) 100vw, 570px\" \/><\/p>\n<\/div>\n","protected":false},"excerpt":{"rendered":"<p>ARMINIUS BASIC-Line ProfilschleifsystemProfessionelles Profilschleifsystem zu einem Handwerker-freundlichen Preis. &nbsp; &nbsp; In variablen Ausf\u00fchrungen einsetzbar als preisg\u00fcnstiges Werkzeug auf Tisch-, CNC-, Durchlaufmaschinen und Kehlautomaten sowohl im Handwerksbetrieb f\u00fcr kleinere St\u00fcckzahlen als auch \u2013 mit entsprechender Best\u00fcckung \u2013 im Industriebetrieb mit hohen Anforderungen an Meterleistung und Pr\u00e4zision. &nbsp; &nbsp; &nbsp; &nbsp; Ihr Nutzen: &#8220;All-in-one&#8221; &#8211; Plattform aller [&hellip;]<\/p>\n","protected":false},"author":6,"featured_media":0,"parent":0,"menu_order":0,"comment_status":"closed","ping_status":"closed","template":"page-szlifowanie.php","meta":{"_monsterinsights_skip_tracking":false,"_monsterinsights_sitenote_active":false,"_monsterinsights_sitenote_note":"","_monsterinsights_sitenote_category":0,"ngg_post_thumbnail":0,"footnotes":""},"class_list":["post-638","page","type-page","status-publish","hentry"],"_links":{"self":[{"href":"https:\/\/iberus.pl\/index.php?rest_route=\/wp\/v2\/pages\/638"}],"collection":[{"href":"https:\/\/iberus.pl\/index.php?rest_route=\/wp\/v2\/pages"}],"about":[{"href":"https:\/\/iberus.pl\/index.php?rest_route=\/wp\/v2\/types\/page"}],"author":[{"embeddable":true,"href":"https:\/\/iberus.pl\/index.php?rest_route=\/wp\/v2\/users\/6"}],"replies":[{"embeddable":true,"href":"https:\/\/iberus.pl\/index.php?rest_route=%2Fwp%2Fv2%2Fcomments&post=638"}],"version-history":[{"count":1,"href":"https:\/\/iberus.pl\/index.php?rest_route=\/wp\/v2\/pages\/638\/revisions"}],"predecessor-version":[{"id":640,"href":"https:\/\/iberus.pl\/index.php?rest_route=\/wp\/v2\/pages\/638\/revisions\/640"}],"wp:attachment":[{"href":"https:\/\/iberus.pl\/index.php?rest_route=%2Fwp%2Fv2%2Fmedia&parent=638"}],"curies":[{"name":"wp","href":"https:\/\/api.w.org\/{rel}","templated":true}]}}