{"id":632,"date":"2014-10-24T15:38:31","date_gmt":"2014-10-24T15:38:31","guid":{"rendered":"http:\/\/gromar.de\/?page_id=632"},"modified":"2014-10-24T15:39:04","modified_gmt":"2014-10-24T15:39:04","slug":"arminius-uni-line-profilschlief-werkzeugsystem","status":"publish","type":"page","link":"https:\/\/iberus.pl\/?page_id=632","title":{"rendered":"ARMINIUS UNI-LINE PROFILSCHLIEF-WERKZEUGSYSTEM"},"content":{"rendered":"<p><img loading=\"lazy\" decoding=\"async\" class=\"alignleft size-full wp-image-592\" src=\"http:\/\/gromar.de\/wp-content\/uploads\/2014\/10\/zdj12.png\" alt=\"\" width=\"170\" height=\"145\" \/><\/p>\n<p><strong>ARMINIUS UNI-Line Profilschleif-Werkzeugsystem<\/strong><br \/>Universelles Schleifwerkzeug f\u00fcr alle Anforderungen des Profilschliffs kombinierbar.<\/p>\n<p>&nbsp;<\/p>\n<p>In variablen Ausf\u00fchrungen sowohl einsetzbar als kosteneffizientes Werkzeug f\u00fcr Tischmaschinen im Handwerksbetrieb als auch \u2013 mit entsprechender Best\u00fcckung \u2013 f\u00fcr den Industriebetrieb auf CNC-Durchlaufmaschinen und Kehlautomaten, mit hohen Anforderungen an Meterleistung und Pr\u00e4zision.<\/p>\n<p>&nbsp;<\/p>\n<p>&nbsp;<\/p>\n<p>&nbsp;<\/p>\n<p>&nbsp;<\/p>\n<p>&nbsp;<\/p>\n<p>&nbsp;<\/p>\n<p><strong>Ihr Nutzen:<\/strong><\/p>\n<ul>\n<li>alle Profile mit einem Werkzeug schleifbar<\/li>\n<li>schneller und einfacher Austausch der Profile<\/li>\n<li>geringe R\u00fcstzeiten<\/li>\n<li>Kostenersparnis durch kombinierbares Standardprogramm<\/li>\n<li>variabel in Durchmesser und H\u00f6he<\/li>\n<li>f\u00fcr CNC-Maschinen und Kehlautomaten im Durchlauf- oder Zyklusbetrieb<\/li>\n<li>f\u00fcr hohe St\u00fcckzahlen und Durchlauf l\u00e4ngen<\/li>\n<li>auch f\u00fcr Handwerksbetriebe auf Tischmaschinen<\/li>\n<li>f\u00fcr Kleinmengen und nur gelegentlichen Einsatz<\/li>\n<li>als Bohrungs- u. Schaftwerkzeug einsetzbar<\/li>\n<li>Schleifmittel in 3 Preis &#8211; klassen f\u00fcr verschiedenste Anforderungen<\/li>\n<li>garantiert gleichbleibende Einhaltung der Kontur \u2013 kein Nachjustieren nach Schleifmittelwechsel<\/li>\n<li>flexibel auf verschiedensten Maschinen einsetzbar<\/li>\n<li>f\u00fcr jeden Bedarf die passende L\u00f6sung in Preis und Qualit\u00e4t<\/li>\n<\/ul>\n<p><strong>\u00a0<\/strong><\/p>\n<p><img loading=\"lazy\" decoding=\"async\" class=\"aligncenter size-full wp-image-633\" src=\"http:\/\/gromar.de\/wp-content\/uploads\/2014\/10\/uniline3.png\" alt=\"uniline\" width=\"570\" height=\"128\" srcset=\"https:\/\/iberus.pl\/wp-content\/uploads\/2014\/10\/uniline3.png 570w, https:\/\/iberus.pl\/wp-content\/uploads\/2014\/10\/uniline3-300x67.png 300w\" sizes=\"(max-width: 570px) 100vw, 570px\" \/><\/p>\n<p>&nbsp;<\/p>\n<p style=\"text-align: justify;\">Hochwertiges Schleifmittel auf Gewebeunterlage, vorgefertigt fest verbunden mit einem formelastischen und hochgenau profilierten Plastiktr\u00e4ger, sichert einen gleichm\u00e4\u00dfigen Abtrag von Rauhigkeiten und Fr\u00e4serschl\u00e4gen auf der Holzoberfl\u00e4che, ebenm\u00e4\u00dfig \u00fcber Fr\u00fch- und Sp\u00e4tholz, also weiche und harte Jahresringe.<\/p>\n<p style=\"text-align: justify;\">\u00a0<\/p>\n<p style=\"text-align: justify;\">\u00a0<\/p>\n<p style=\"text-align: justify;\">Lange Standwege des Schleifmittels sind eine der hervorragenden Eigenschaften der UNI-Line -Reihe. Schleifmittelbest\u00fcckungen in einem Durchmesserbereich von 120mm und h\u00f6her erreichen Standwege von 5000 bis \u00fcber 8000 Laufmeter, immer unter der Voraussetzung, dass die eingestellten Spanabnahmen den jeweils verwendeten K\u00f6rnungen angemessen sind, sowie die Toleranz zwischen Fr\u00e4sung und Profilabmessungen des Schleifwerkzeuges innerhalb einer Toleranz von +\/- 0,05 mm liegen. Die Profil\u00fcbereinstimmung des Schleifwerkzeuges zu dem vorgegebenen Fr\u00e4sprofil wird nicht allein \u00fcber ein profiliertes Holzmuster sondern in erster Linie \u00fcber eine Grafik in Gestalt einer CAD-Dokumentation ( Format .dwg oder .dxf) unzweideutig vertraglich vereinbart.F\u00fcr jedes ARMINIUS-Schleifwerkzeug der UNI-Line-Reihe und aller seiner Komponenten, wie Schleifsegmente und Grundprofilelemente gilt eine Profilgarantie von +\/- 0,05 mm.<\/p>\n<p>&nbsp;<\/p>\n<p><img loading=\"lazy\" decoding=\"async\" class=\"alignright size-full wp-image-634\" src=\"http:\/\/gromar.de\/wp-content\/uploads\/2014\/10\/uniline22.png\" alt=\"\" width=\"200\" height=\"200\" srcset=\"https:\/\/iberus.pl\/wp-content\/uploads\/2014\/10\/uniline22.png 200w, https:\/\/iberus.pl\/wp-content\/uploads\/2014\/10\/uniline22-150x150.png 150w, https:\/\/iberus.pl\/wp-content\/uploads\/2014\/10\/uniline22-90x90.png 90w\" sizes=\"(max-width: 200px) 100vw, 200px\" \/><\/p>\n<p style=\"text-align: justify;\">Zum Standard jeder Lieferanbahnung geh\u00f6rt eine sorgf\u00e4ltige Vorbereitung der Profildokumentation. F\u00fcr ARMINIUS und seine Vertriebspartner geh\u00f6rt eine enge Kommunikation mit den Herstellern f\u00fcr Fr\u00e4swerkzeuge zu den selbstverst\u00e4ndlichen Grundlagen, ohne die eine professionelle Auftragsabwicklung, die problemlose Inbetriebnahme und der Service nach der Lieferung nicht mehr vorstellbar sind. Die Verkaufsberater von ARMINIUS geben wichtige Hinweise und verbindliche Beurteilungen ab bei der Auslegung der Fr\u00e4swerkzeuge, insbesondere beim Abgleichen der CAD-Dokumentationen. Elektronische Datentr\u00e4ger und \u00dcbertragung sind selbstverst\u00e4ndliche Werkzeuge dieses Gesch\u00e4ftes. Wir erledigen damit f\u00fcr den Kunden und Anwender gemeinsam mit dem Fr\u00e4swerkzeughersteller die Abstimmung aller wichtigen Details komplett.<\/p>\n<p>&nbsp;<\/p>\n<p>&nbsp;<\/p>\n<p style=\"text-align: justify;\">Wenn Profilschleifen die wesentliche Endstufe in der Bearbeitungsfolge eines Automaten wie z.B. Endprofiler oder Bearbeitungszentrum darstellt, dann bietet die Erw\u00e4gung der Anwendung ARMINIUS UNI-Line-Reihe ja oder nein bereits grundlegende Voraussetzungen f\u00fcr eine kompakte und wirtschaftliche L\u00f6sung : Im Vergleich zum Bandschliff unvergleichlich Platz sparender und weniger aufwendig f\u00fcr den Maschinenbau. Eben ein rotierendes Werkzeugsystem. Bei vergleichbarem Aufwand bietet die ARMINIUS UNI-Line-Reihe deutlich bessere Schleifqualit\u00e4ten, weil wegen des geringen Platzbedarfes ein normaler Ablauf des Schleifprozesses mit zwei oder drei Kornabstufungen realistisch darstellbar ist, wegen des minimalen Zeitaufwandes f\u00fcr Profil- oder Schleifmittelwechsel (ca 1 Minute je Werkzeug) und der gegen\u00fcber Bandschliff erheblich l\u00e4ngeren Standwege des Schleifmittels ein derartiger Qualit\u00e4tskomfort auch keine Utopie mehr ist. Durchlauf-Kantenbearbeitungsmaschinen, in erster Linie Endprofiler f\u00fcr die Massivholz -, Verbund- oder Substratplattenbearbeitung, erlauben die Nutzung der kompakten Kombination von Profilfr\u00e4sen und -schleifen ohne die geringste Verl\u00e4ngerung der Bearbeitungszeiten durch das Profilschleifen. Lackier &#8211; oder beizf\u00e4hig fertige Oberfl\u00e4chen ohne die geringste manuelle Nachbearbeitung werden erreicht durch die jeweils optimal ausgelegte Kombination Profilfr\u00e4sen\/-schleifen auf dem Endprofiler. Maschinen neuester Technologie erlauben programmierten Profilwechsel in wenigen zig-Sekunden, aus einer Auswahl von mindestens 5 bis zu mehr als 20 verschiedenen Profilen, simultan auf z.B. 2 Fr\u00e4s- und 3 Schleifspindeln.<\/p>\n<p style=\"text-align: justify;\">\u00a0<\/p>\n<p style=\"text-align: justify;\">\u00a0<\/p>\n<p style=\"text-align: justify;\">Die ARMINIUS UNI-Line -Reihe erlaubt das Auswechseln von Schleifsegmenten oder im Bedarfsfalle auch der Grundprofilelemente ohne die Abnahme des Werkzeuges von der Multi-Schleifspindel oder vom Multi-Wechselschaft ( als Option erh\u00e4ltlich ). Bereits bei der Auslegung derartiger Maschinenl\u00f6sungen stehen wir mit unserer Systemberatung zur Verf\u00fcgung. Immerhin wird hier allein mit der richtigen Abstimmung der geeigneten Werkzeuge f\u00fcr das Profilfr\u00e4sen- und -schleifen der Erfolg eines Hochleistungskonzeptes bestimmt.<\/p>\n<p style=\"text-align: justify;\">\u00a0<\/p>\n<p style=\"text-align: justify;\">\u00a0<\/p>\n<p style=\"text-align: justify;\">Dem angemessen assistieren unsere Fachleute bei Testl\u00e4ufen neuer Maschinen bereits bei der Abnahme im Herstellerwerk. Bei der Inbetriebnahme und Ausbildung der Maschinenbediener stehen wir entsprechend zur Verf\u00fcgung. Eine so intensive Begleitung der vorbereitenden Schritte schafft das gegenseitige Vertrauen und den zwischenmenschlichen Kontakt, wie ihn der Kunde sich diesen bei der Anwendung eines Hochleistungskonzeptes vorstellt.<\/p>\n","protected":false},"excerpt":{"rendered":"<p>ARMINIUS UNI-Line Profilschleif-WerkzeugsystemUniverselles Schleifwerkzeug f\u00fcr alle Anforderungen des Profilschliffs kombinierbar. &nbsp; In variablen Ausf\u00fchrungen sowohl einsetzbar als kosteneffizientes Werkzeug f\u00fcr Tischmaschinen im Handwerksbetrieb als auch \u2013 mit entsprechender Best\u00fcckung \u2013 f\u00fcr den Industriebetrieb auf CNC-Durchlaufmaschinen und Kehlautomaten, mit hohen Anforderungen an Meterleistung und Pr\u00e4zision. &nbsp; &nbsp; &nbsp; &nbsp; &nbsp; &nbsp; Ihr Nutzen: alle Profile mit [&hellip;]<\/p>\n","protected":false},"author":6,"featured_media":0,"parent":0,"menu_order":0,"comment_status":"closed","ping_status":"closed","template":"page-szlifowanie.php","meta":{"_monsterinsights_skip_tracking":false,"_monsterinsights_sitenote_active":false,"_monsterinsights_sitenote_note":"","_monsterinsights_sitenote_category":0,"ngg_post_thumbnail":0,"footnotes":""},"class_list":["post-632","page","type-page","status-publish","hentry"],"_links":{"self":[{"href":"https:\/\/iberus.pl\/index.php?rest_route=\/wp\/v2\/pages\/632"}],"collection":[{"href":"https:\/\/iberus.pl\/index.php?rest_route=\/wp\/v2\/pages"}],"about":[{"href":"https:\/\/iberus.pl\/index.php?rest_route=\/wp\/v2\/types\/page"}],"author":[{"embeddable":true,"href":"https:\/\/iberus.pl\/index.php?rest_route=\/wp\/v2\/users\/6"}],"replies":[{"embeddable":true,"href":"https:\/\/iberus.pl\/index.php?rest_route=%2Fwp%2Fv2%2Fcomments&post=632"}],"version-history":[{"count":2,"href":"https:\/\/iberus.pl\/index.php?rest_route=\/wp\/v2\/pages\/632\/revisions"}],"predecessor-version":[{"id":636,"href":"https:\/\/iberus.pl\/index.php?rest_route=\/wp\/v2\/pages\/632\/revisions\/636"}],"wp:attachment":[{"href":"https:\/\/iberus.pl\/index.php?rest_route=%2Fwp%2Fv2%2Fmedia&parent=632"}],"curies":[{"name":"wp","href":"https:\/\/api.w.org\/{rel}","templated":true}]}}