{"id":580,"date":"2014-10-24T14:43:30","date_gmt":"2014-10-24T14:43:30","guid":{"rendered":"http:\/\/gromar.de\/?page_id=580"},"modified":"2014-10-24T14:46:00","modified_gmt":"2014-10-24T14:46:00","slug":"szczotki","status":"publish","type":"page","link":"https:\/\/iberus.pl\/?page_id=580","title":{"rendered":"SZCZOTKI"},"content":{"rendered":"<p><img loading=\"lazy\" decoding=\"async\" class=\"alignleft size-full wp-image-561\" src=\"http:\/\/gromar.de\/wp-content\/uploads\/2014\/10\/zdj3.png\" alt=\"\" width=\"170\" height=\"145\" \/><strong> Wiele podobnych profili mo\u017cna szlifowa\u0107 jednym narz\u0119dziem<\/strong><\/p>\n<p>&nbsp;<\/p>\n<p>Cylindryczne i k\u0105towe szczotki obrotowe mog\u0105 by\u0107 \u0142\u0105czone ze sob\u0105 dla indywidualnego profilu lub rodziny profili. Szczotki s\u0105 odporne na odkszta\u0142cenia zar\u00f3wno wysoko\u015bci jak i \u015brednicy. Pojedyncza g\u0142owica mo\u017ce by\u0107 stosowane do szlifowania podobnych profili.<\/p>\n<p>&nbsp;<\/p>\n<p><strong> Cylindryczna szczotka obrotowa <\/strong><\/p>\n<p>&nbsp;<\/p>\n<p>dost\u0119pna w \u015brednicach 100-250 mm i wysoko\u015bciach 50-200 mm.<br \/> Wk\u0142ad szlifuj\u0105cy zmienia si\u0119 oddzielnie, co daje mo\u017cliwo\u015b\u0107 wielokrotnego u\u017cycia szczotki podpieraj\u0105cej.<\/p>\n<p>&nbsp;<\/p>\n<p><strong>K\u0105towa szczotka obrotowa<\/strong><\/p>\n<p>&nbsp;<\/p>\n<p>dost\u0119pne k\u0105ty 0\u00b0 &#8211; 75\u00b0 i \u015brednice zewn\u0119trzne 100-250 mm.<br \/> Wysokie bezpiecze\u0144stwo pracy przy pr\u0119dko\u015bciach do 1500 obr \/ min<br \/> G\u0142\u0119boko\u015b\u0107 szlifowania 20, 40 i 50 mm dost\u0119pne dla szczotki podpieraj\u0105cej i wk\u0142adu szlifuj\u0105cego<\/p>\n<p>&nbsp;<\/p>\n<p><strong> Wk\u0142ady szlifuj\u0105ce:<\/strong><\/p>\n<p>&nbsp;<\/p>\n<p>\u017cywotno\u015b\u0107 szczotek podpieraj\u0105cych jest du\u017co wy\u017csza od wk\u0142ad\u00f3w z papieru \u015bciernego, dlatego te\u017c mo\u017cliwe jest wymienianie samych tylko szczotek.<\/p>\n<p>&nbsp;<\/p>\n<p>&nbsp;<\/p>\n<p><img loading=\"lazy\" decoding=\"async\" class=\"aligncenter size-full wp-image-581\" src=\"http:\/\/gromar.de\/wp-content\/uploads\/2014\/10\/pid10_rendering.png\" alt=\"\" width=\"570\" height=\"228\" srcset=\"https:\/\/iberus.pl\/wp-content\/uploads\/2014\/10\/pid10_rendering.png 570w, https:\/\/iberus.pl\/wp-content\/uploads\/2014\/10\/pid10_rendering-300x120.png 300w\" sizes=\"(max-width: 570px) 100vw, 570px\" \/><\/p>\n","protected":false},"excerpt":{"rendered":"<p>Wiele podobnych profili mo\u017cna szlifowa\u0107 jednym narz\u0119dziem &nbsp; Cylindryczne i k\u0105towe szczotki obrotowe mog\u0105 by\u0107 \u0142\u0105czone ze sob\u0105 dla indywidualnego profilu lub rodziny profili. Szczotki s\u0105 odporne na odkszta\u0142cenia zar\u00f3wno wysoko\u015bci jak i \u015brednicy. Pojedyncza g\u0142owica mo\u017ce by\u0107 stosowane do szlifowania podobnych profili. &nbsp; Cylindryczna szczotka obrotowa &nbsp; dost\u0119pna w \u015brednicach 100-250 mm i wysoko\u015bciach [&hellip;]<\/p>\n","protected":false},"author":6,"featured_media":0,"parent":0,"menu_order":0,"comment_status":"closed","ping_status":"closed","template":"page-szlifowanie.php","meta":{"_monsterinsights_skip_tracking":false,"_monsterinsights_sitenote_active":false,"_monsterinsights_sitenote_note":"","_monsterinsights_sitenote_category":0,"ngg_post_thumbnail":0,"footnotes":""},"class_list":["post-580","page","type-page","status-publish","hentry"],"_links":{"self":[{"href":"https:\/\/iberus.pl\/index.php?rest_route=\/wp\/v2\/pages\/580"}],"collection":[{"href":"https:\/\/iberus.pl\/index.php?rest_route=\/wp\/v2\/pages"}],"about":[{"href":"https:\/\/iberus.pl\/index.php?rest_route=\/wp\/v2\/types\/page"}],"author":[{"embeddable":true,"href":"https:\/\/iberus.pl\/index.php?rest_route=\/wp\/v2\/users\/6"}],"replies":[{"embeddable":true,"href":"https:\/\/iberus.pl\/index.php?rest_route=%2Fwp%2Fv2%2Fcomments&post=580"}],"version-history":[{"count":3,"href":"https:\/\/iberus.pl\/index.php?rest_route=\/wp\/v2\/pages\/580\/revisions"}],"predecessor-version":[{"id":585,"href":"https:\/\/iberus.pl\/index.php?rest_route=\/wp\/v2\/pages\/580\/revisions\/585"}],"wp:attachment":[{"href":"https:\/\/iberus.pl\/index.php?rest_route=%2Fwp%2Fv2%2Fmedia&parent=580"}],"curies":[{"name":"wp","href":"https:\/\/api.w.org\/{rel}","templated":true}]}}