{"id":574,"date":"2014-10-24T14:38:52","date_gmt":"2014-10-24T14:38:52","guid":{"rendered":"http:\/\/gromar.de\/?page_id=574"},"modified":"2014-10-24T15:32:38","modified_gmt":"2014-10-24T15:32:38","slug":"arminus-basic-line","status":"publish","type":"page","link":"https:\/\/iberus.pl\/?page_id=574","title":{"rendered":"ARMINIUS BASIC-LINE"},"content":{"rendered":"<p><img loading=\"lazy\" decoding=\"async\" class=\"alignleft size-full wp-image-560\" src=\"http:\/\/gromar.de\/wp-content\/uploads\/2014\/10\/zdj2.png\" alt=\"\" width=\"170\" height=\"145\" \/><strong>Arminius BASIC-Line system szlifowania profilowego.<br \/><\/strong>Profesjonalny system szlifowania profilowego w cenie przyjaznej rzemie\u015blnikom.<\/p>\n<p>&nbsp;<\/p>\n<p>W r\u00f3\u017cnych wydaniach mo\u017ce by\u0107 u\u017cywany jako niedrogie narz\u0119dzie na frezarkach dolnowrzecionowych, maszynach CNC, maszynach przelotowych i frezarkach zar\u00f3wno w warsztatach rzemie\u015blniczych dla mniejszych serii, a tak\u017ce &#8211; z odpowiednim wyposa\u017ceniem &#8211; w zak\u0142adach przemys\u0142owych o wysokich wymaganiach wydajno\u015bciowych co do ilo\u015bci metr\u00f3w i precyzji.<\/p>\n<p>&nbsp;<\/p>\n<p>&nbsp;<\/p>\n<p>&nbsp;<\/p>\n<p>&nbsp;<\/p>\n<p><strong>Zastosowania i zalety<\/strong><\/p>\n<ul>\n<li>&#8220;wszystko w jednym&#8221; &#8211; platforma wszystkich kraw\u0119dzi profilowanych, p\u0142aszczyzn wype\u0142nie\u0144 i listew na wsp\u00f3lnej podstawie<\/li>\n<li>dla profili p\u0142askich nie jest ju\u017c potrzebna osobna g\u0142owica podstawowa<\/li>\n<li>3-stopniowy system modu\u0142owy pozwala na zastosowanie przy ka\u017cdym bud\u017cecie<\/li>\n<li>przemys\u0142owo wytwarzane tanie elementy z tworzyw sztucznych<\/li>\n<li>tak\u017ce dla prawie wszystkich praktycznych zastosowa\u0144 w ju\u017c istniej\u0105cych standardach i profili klienta<\/li>\n<li>zastosowanie dla produkcji nawet kilku metr\u00f3w sprawdza si\u0119 ekonomicznie<\/li>\n<li>op\u0142acalne frezowanie i szlifowanie profilu przy produkcji jednostkowej<\/li>\n<li>dost\u0119pne w ca\u0142ym \u015bwiecie wsparcie on-line przez sklep internetowy, generowanie ofert i przekazywanie danych profilu CAD<\/li>\n<li>BASIC Line otwiera wszelkie mo\u017cliwo\u015bci<\/li>\n<\/ul>\n<p>&nbsp;<\/p>\n<p><img loading=\"lazy\" decoding=\"async\" class=\"aligncenter size-full wp-image-575\" src=\"http:\/\/gromar.de\/wp-content\/uploads\/2014\/10\/basicline.png\" alt=\"basicline\" width=\"570\" height=\"549\" srcset=\"https:\/\/iberus.pl\/wp-content\/uploads\/2014\/10\/basicline.png 570w, https:\/\/iberus.pl\/wp-content\/uploads\/2014\/10\/basicline-300x288.png 300w\" sizes=\"(max-width: 570px) 100vw, 570px\" \/><\/p>\n","protected":false},"excerpt":{"rendered":"<p>Arminius BASIC-Line system szlifowania profilowego.Profesjonalny system szlifowania profilowego w cenie przyjaznej rzemie\u015blnikom. &nbsp; W r\u00f3\u017cnych wydaniach mo\u017ce by\u0107 u\u017cywany jako niedrogie narz\u0119dzie na frezarkach dolnowrzecionowych, maszynach CNC, maszynach przelotowych i frezarkach zar\u00f3wno w warsztatach rzemie\u015blniczych dla mniejszych serii, a tak\u017ce &#8211; z odpowiednim wyposa\u017ceniem &#8211; w zak\u0142adach przemys\u0142owych o wysokich wymaganiach wydajno\u015bciowych co do ilo\u015bci [&hellip;]<\/p>\n","protected":false},"author":6,"featured_media":0,"parent":0,"menu_order":0,"comment_status":"closed","ping_status":"closed","template":"page-szlifowanie.php","meta":{"_monsterinsights_skip_tracking":false,"_monsterinsights_sitenote_active":false,"_monsterinsights_sitenote_note":"","_monsterinsights_sitenote_category":0,"ngg_post_thumbnail":0,"footnotes":""},"class_list":["post-574","page","type-page","status-publish","hentry"],"_links":{"self":[{"href":"https:\/\/iberus.pl\/index.php?rest_route=\/wp\/v2\/pages\/574"}],"collection":[{"href":"https:\/\/iberus.pl\/index.php?rest_route=\/wp\/v2\/pages"}],"about":[{"href":"https:\/\/iberus.pl\/index.php?rest_route=\/wp\/v2\/types\/page"}],"author":[{"embeddable":true,"href":"https:\/\/iberus.pl\/index.php?rest_route=\/wp\/v2\/users\/6"}],"replies":[{"embeddable":true,"href":"https:\/\/iberus.pl\/index.php?rest_route=%2Fwp%2Fv2%2Fcomments&post=574"}],"version-history":[{"count":4,"href":"https:\/\/iberus.pl\/index.php?rest_route=\/wp\/v2\/pages\/574\/revisions"}],"predecessor-version":[{"id":630,"href":"https:\/\/iberus.pl\/index.php?rest_route=\/wp\/v2\/pages\/574\/revisions\/630"}],"wp:attachment":[{"href":"https:\/\/iberus.pl\/index.php?rest_route=%2Fwp%2Fv2%2Fmedia&parent=574"}],"curies":[{"name":"wp","href":"https:\/\/api.w.org\/{rel}","templated":true}]}}