{"id":564,"date":"2014-10-24T14:30:33","date_gmt":"2014-10-24T14:30:33","guid":{"rendered":"http:\/\/gromar.de\/?page_id=564"},"modified":"2014-10-24T14:34:58","modified_gmt":"2014-10-24T14:34:58","slug":"arminius-uni-line","status":"publish","type":"page","link":"https:\/\/iberus.pl\/?page_id=564","title":{"rendered":"ARMINIUS UNI-LINE"},"content":{"rendered":"<p><img loading=\"lazy\" decoding=\"async\" class=\"alignleft size-full wp-image-559\" src=\"http:\/\/gromar.de\/wp-content\/uploads\/2014\/10\/zdj1.png\" alt=\"\" width=\"170\" height=\"145\" \/><\/p>\n<div><strong>Arminius UNI-Line System narz\u0119dzi do szlifowania profilowego<\/strong><\/p>\n<p>Uniwersalne narz\u0119dzie do szlifowania do wszystkich zastosowa\u0144 szlifowania profilowego.<\/p>\n<p style=\"text-align: justify;\">Stosowane w r\u00f3\u017cnych wykonaniach,\u00a0 zar\u00f3wno jako op\u0142acalne narz\u0119dzie do frezarek dolnowrzecionowych w warsztacie rzemie\u015blniczym, jak r\u00f3wnie\u017c &#8211; z odpowiednim oprzyrz\u0105dowaniem &#8211; dla zak\u0142ad\u00f3w przemys\u0142owych na maszynach CNC, maszynach przelotowych i strugarkach, z wysokimi wymaganiami co do wydajno\u015bci i precyzji.<\/p>\n<\/div>\n<div>\n<p>&nbsp;<\/p>\n<p>&nbsp;<\/p>\n<p>&nbsp;<\/p>\n<p>&nbsp;<\/p>\n<p>&nbsp;<\/p>\n<p><strong>Zalety:<\/strong><\/p>\n<ul>\n<li>wszystkie profile mo\u017cna szlifowa\u0107 jednym narz\u0119dziem<\/li>\n<li>szybciej i \u0142atwiej wymienia si\u0119 profile<\/li>\n<li>niskie czasy przezbrajania<\/li>\n<li>oszcz\u0119dno\u015b\u0107 koszt\u00f3w przez wymienny program standardowy<\/li>\n<li>elastyczne w\u00a0 \u015brednicy i wysoko\u015bci<\/li>\n<li>do maszyn CNC i strugarek w pracy ci\u0105g\u0142ej lub cyklicznej<\/li>\n<li>dla du\u017cych ilo\u015bci i przerabianych d\u0142ugo\u015bci<\/li>\n<li>dla zak\u0142ad\u00f3w rzemie\u015blniczych na frezarki dolnowrzecionowe<\/li>\n<li>do ma\u0142ych ilo\u015bci i tylko okazyjnego u\u017cycia<\/li>\n<li>montowane jako narz\u0119dzie wierc\u0105ce i szlifuj\u0105ce<\/li>\n<li>materia\u0142 \u015bcierny w 3 klasach cenowych dla r\u00f3\u017cnych wymaga\u0144<\/li>\n<li>gwarantuje sta\u0142\u0105 zgodno\u015b\u0107 kontur\u00f3w &#8211; nie potrzebna jest korekta po zmianie materia\u0142\u00f3w \u015bciernych<\/li>\n<li>elastyczne stosowanie na r\u00f3\u017cnych maszynach w zale\u017cno\u015bci od potrzeb<\/li>\n<li>dla ka\u017cdej potrzeby rozwi\u0105zanie w odpowiedniej cenie i jako\u015bci<\/li>\n<\/ul>\n<p>&nbsp;<\/p>\n<p><img loading=\"lazy\" decoding=\"async\" class=\"aligncenter wp-image-565 size-full\" src=\"http:\/\/gromar.de\/wp-content\/uploads\/2014\/10\/uniline.png\" alt=\"\" width=\"570\" height=\"128\" srcset=\"https:\/\/iberus.pl\/wp-content\/uploads\/2014\/10\/uniline.png 570w, https:\/\/iberus.pl\/wp-content\/uploads\/2014\/10\/uniline-300x67.png 300w\" sizes=\"(max-width: 570px) 100vw, 570px\" \/><\/p>\n<p>&nbsp;<\/p>\n<p style=\"text-align: justify;\">D\u0142uga trwa\u0142o\u015b\u0107 materia\u0142\u00f3w \u015bciernych jest jedn\u0105 z wielu zalet serii UNI-Line. Grupy materia\u0142\u00f3w \u015bciernych w zakresie \u015brednic od 120 mm i powy\u017cej osi\u0105gaj\u0105 trwa\u0142o\u015b\u0107 od 5.000 do 8.000 metr\u00f3w bie\u017c\u0105cych, przy za\u0142o\u017ceniu, \u017ce wybrane zbieranie materia\u0142u dostosowane jest do u\u017cytych wielko\u015bci ziarna i tolerancja mi\u0119dzy frezowaniem a wymiarami profilu narz\u0119dzia szlifuj\u0105cego zawiera si\u0119 w tolerancji + \/ &#8211; 0 , 05 mm.<\/p>\n<p>&nbsp;<\/p>\n<p style=\"text-align: justify;\">Dostosowanie profilu narz\u0119dzia szlifuj\u0105cego do danego profilu freza jest nie tylko profilowane w odniesieniu do pr\u00f3bek wyrobu, ale przede wszystkim graficznie przez wykonanie dokumentacji CAD (format DWG lub DXF) jednoznacznie uzgodnionej z klientem. Dla ka\u017cdego narz\u0119dzia Arminius serii UNI-Line i wszystkich jego element\u00f3w takich jak segmenty szlifuj\u0105ce i elementy profilu podstawowego obowi\u0105zuje gwarancja profilu + \/ &#8211; 0,05 mm.\u00a0<\/p>\n<p style=\"text-align: justify;\">\u00a0<\/p>\n<p style=\"text-align: justify;\">Do standardu ka\u017cdego procesu realizacji nale\u017cy staranne przygotowanie dokumentacji profilu. Do Arminiusa i jego dystrybutor\u00f3w nale\u017cy bliski kontakt z producentami narz\u0119dzi frezuj\u0105cych, z oczywistych wzgl\u0119d\u00f3w, bez kt\u00f3rych niewyobra\u017calne jest profesjonalne przeprowadzenie realizacji zlecenia, bezproblemowe przyj\u0119cie do produkcji i serwis po dostawie. Doradcy handlowi Arminiusa daj\u0105 wa\u017cne wskaz\u00f3wki i wi\u0105\u017c\u0105ce oceny w zakresie projektowania narz\u0119dzi skrawaj\u0105cych, zw\u0142aszcza podczas dopasowywania dokumentacji CAD. Komputerowe no\u015bniki danych i transmisji s\u0105 oczywistymi narz\u0119dziami tego procesu. Dla klient\u00f3w i u\u017cytkownik\u00f3w ustalamy z producentem narz\u0119dzi do frezowania wszystkie wa\u017cne uzgodnienia i szczeg\u00f3\u0142y.<\/p>\n<p>&nbsp;<\/p>\n<p><img loading=\"lazy\" decoding=\"async\" class=\"alignright size-full wp-image-566\" src=\"http:\/\/gromar.de\/wp-content\/uploads\/2014\/10\/uniline2.png\" alt=\"\" width=\"200\" height=\"200\" srcset=\"https:\/\/iberus.pl\/wp-content\/uploads\/2014\/10\/uniline2.png 200w, https:\/\/iberus.pl\/wp-content\/uploads\/2014\/10\/uniline2-150x150.png 150w, https:\/\/iberus.pl\/wp-content\/uploads\/2014\/10\/uniline2-90x90.png 90w\" sizes=\"(max-width: 200px) 100vw, 200px\" \/><\/p>\n<p style=\"text-align: justify;\">Kiedy szlifowanie profilu osi\u0105gnie ostatni etap przetwarzania na automacie, np. strugarce lub centrum obr\u00f3bczym, wtedy polecamy rozwa\u017cenie zastosowania serii UNI-line Arm<\/p>\n<p style=\"text-align: justify;\">inius jako za i przeciw za skompaktowanym i ekonomicznym rozwi\u0105zaniem: w por\u00f3wnaniu do szlifowania ta\u015bmowego niepor\u00f3wnywalna oszcz\u0119dno\u015b\u0107 miejsca i mniej kosztowne dla wykonawcy. Posi<\/p>\n<p style=\"text-align: justify;\">adamy r\u00f3wnie\u017c system narz\u0119dzi rotacyjnych. Na por\u00f3wnywalnych nak\u0142adach seria UNI-Line Arminius oferuje znacznie lepsz\u0105 jako\u015b\u0107 szlifowania, poniewa\u017c ze wzgl\u0119du na ma\u0142\u0105 potrzebn\u0105 przestrze\u0144 normalny przebieg procesu szlifowania jest realnie wykonalny przy u\u017cyciu dw\u00f3ch lub trzech granulacji papieru, z uwagi na minimalny czas potrzebny na zmian\u0119 profilu lub materia\u0142u \u015bciernego (oko\u0142o 1 minuty na narz\u0119dzie) i w por\u00f3wnaniu ze szlifowaniem ta\u015bmowym znacznie d\u0142u\u017csz\u0105 \u017cywotno\u015b\u0107 narz\u0119dzia \u015bciernego, dla kt\u00f3rego komfort jako\u015bciowy nie jest ju\u017c utopi\u0105. Maszyny do obr\u00f3bki kant\u00f3w w przelocie, w pierwsz<\/p>\n<div id=\"wrap\">\n<div id=\"contact4\">\n<div align=\"left\">\n<div>\n<p style=\"text-align: justify;\">ej linii z profilowaniem ko\u0144cowym dla obr\u00f3bki drewna masywnego, klejonki lub p\u0142yt drewnopodobnych pozwalaj\u0105 na korzystanie z po\u0142\u0105czenia kompaktowej kombinacji frezowania profilu i szlifowania bez najmniejszego wyd\u0142u\u017cenia czasu obr\u00f3bki poprzez szlifowanie profilowe.<\/p>\n<p>&nbsp;<\/p>\n<p style=\"text-align: justify;\">Lakierowane lub bejcowane powierzchnie bez najmniejszej r\u0119cznej obr\u00f3bki b\u0119d\u0105 osi\u0105gane poprzez ka\u017cdorazowo optymalnie dobran\u0105 kombinacj\u0119 profilu freza i szlifowania na profilu ko\u0144cowym. Maszyny z najnowszych technologii pozwalaj\u0105 zaprogramowa\u0107 zmian\u0119 profilu w kilkadziesi\u0105t sekund, do wyboru z co najmniej 5 do ponad 20 r\u00f3\u017cnych profili, r\u00f3wnocze\u015bnie na dw\u00f3ch wrzecionach frezuj\u0105cych\u00a0 lub trzech wrzecionach szlifuj\u0105cych.<\/p>\n<p style=\"text-align: justify;\">\u00a0<\/p>\n<p style=\"text-align: justify;\">Seria UNI-Line Arminiusa pozwala na wymian\u0119 segment\u00f3w szlifuj\u0105cych lub w razie potrzeby nawet element\u00f3w profilu podstawowego bez zdejmowania narz\u0119dzia wielowrzecionowego lub uchwytu wielokrotnie zmiennego (opcja). W projektowaniu takich rozwi\u0105za\u0144 maszynowych jeste\u015bmy do dyspozycji z naszym doradztwem systemowym. Mimo wszystko tylko w\u0142a\u015bciwa koordynacja odpowiednich narz\u0119dzi do frezowania i szlifowania profilu zapewnia sukces wysokiej wydajno\u015bci.<\/p>\n<p style=\"text-align: justify;\">\u00a0<\/p>\n<p style=\"text-align: justify;\">Odpowiednia pomoc naszych specjalist\u00f3w w pr\u00f3bach nowych maszyn dost\u0119pna jest ju\u017c r\u00f3wnie\u017c w Pa\u0144stwa zak\u0142adzie produkcyjnym. Podczas rozruchu i szkolenia u\u017cytkownik\u00f3w jeste\u015bmy do Pa\u0144stwa dyspozycji. Takie intensywne monitorowanie dzia\u0142a\u0144 przygotowawczych buduje wzajemne zaufanie i kontakty mi\u0119dzyludzkie, jak wyobra\u017ca je sobie klient przy wprowadzaniu projekt\u00f3w wysoko wydajno\u015bciowych.<\/p>\n<\/div>\n<\/div>\n<\/div>\n<\/div>\n<p>&nbsp;<\/p>\n<div id=\"footer-wrap\">\u00a0<\/div>\n<\/div>\n","protected":false},"excerpt":{"rendered":"<p>Arminius UNI-Line System narz\u0119dzi do szlifowania profilowego Uniwersalne narz\u0119dzie do szlifowania do wszystkich zastosowa\u0144 szlifowania profilowego. Stosowane w r\u00f3\u017cnych wykonaniach,\u00a0 zar\u00f3wno jako op\u0142acalne narz\u0119dzie do frezarek dolnowrzecionowych w warsztacie rzemie\u015blniczym, jak r\u00f3wnie\u017c &#8211; z odpowiednim oprzyrz\u0105dowaniem &#8211; dla zak\u0142ad\u00f3w przemys\u0142owych na maszynach CNC, maszynach przelotowych i strugarkach, z wysokimi wymaganiami co do wydajno\u015bci i precyzji. [&hellip;]<\/p>\n","protected":false},"author":6,"featured_media":0,"parent":0,"menu_order":0,"comment_status":"closed","ping_status":"closed","template":"page-szlifowanie.php","meta":{"_monsterinsights_skip_tracking":false,"_monsterinsights_sitenote_active":false,"_monsterinsights_sitenote_note":"","_monsterinsights_sitenote_category":0,"ngg_post_thumbnail":0,"footnotes":""},"class_list":["post-564","page","type-page","status-publish","hentry"],"_links":{"self":[{"href":"https:\/\/iberus.pl\/index.php?rest_route=\/wp\/v2\/pages\/564"}],"collection":[{"href":"https:\/\/iberus.pl\/index.php?rest_route=\/wp\/v2\/pages"}],"about":[{"href":"https:\/\/iberus.pl\/index.php?rest_route=\/wp\/v2\/types\/page"}],"author":[{"embeddable":true,"href":"https:\/\/iberus.pl\/index.php?rest_route=\/wp\/v2\/users\/6"}],"replies":[{"embeddable":true,"href":"https:\/\/iberus.pl\/index.php?rest_route=%2Fwp%2Fv2%2Fcomments&post=564"}],"version-history":[{"count":6,"href":"https:\/\/iberus.pl\/index.php?rest_route=\/wp\/v2\/pages\/564\/revisions"}],"predecessor-version":[{"id":572,"href":"https:\/\/iberus.pl\/index.php?rest_route=\/wp\/v2\/pages\/564\/revisions\/572"}],"wp:attachment":[{"href":"https:\/\/iberus.pl\/index.php?rest_route=%2Fwp%2Fv2%2Fmedia&parent=564"}],"curies":[{"name":"wp","href":"https:\/\/api.w.org\/{rel}","templated":true}]}}