{"id":12,"date":"2014-10-07T17:32:08","date_gmt":"2014-10-07T17:32:08","guid":{"rendered":"http:\/\/gromar.de\/?page_id=12"},"modified":"2017-12-18T11:59:05","modified_gmt":"2017-12-18T11:59:05","slug":"o-firmie-2","status":"publish","type":"page","link":"https:\/\/iberus.pl\/?page_id=12","title":{"rendered":"O FIRMIE"},"content":{"rendered":"\n<style type=\"text\/css\" data-created_by=\"avia_inline_auto\" id=\"style-css-av-av_section-3a011d5f3baf4146098b84578d3c0e36\">\n.avia-section.av-av_section-3a011d5f3baf4146098b84578d3c0e36 .av-parallax .av-parallax-inner{\nbackground-repeat:no-repeat;\nbackground-image:url(https:\/\/iberus.pl\/wp-content\/uploads\/2014\/10\/tlo-pomarancz.jpg);\nbackground-position:50% 50%;\nbackground-attachment:scroll;\n}\n<\/style>\n<div id='av_section_1'  class='avia-section av-av_section-3a011d5f3baf4146098b84578d3c0e36 main_color avia-section-small avia-no-border-styling  avia-builder-el-0  el_before_av_one_half  avia-builder-el-first  av-parallax-section avia-bg-style-parallax container_wrap sidebar_left'  data-section-bg-repeat='no-repeat'><div class='av-parallax' data-avia-parallax-ratio='0.3' ><div class='av-parallax-inner main_color avia-full-stretch'><\/div><\/div><div class='container av-section-cont-open' ><main  role=\"main\" itemprop=\"mainContentOfPage\"  class='template-page content  av-content-small units'><div class='post-entry post-entry-type-page post-entry-12'><div class='entry-content-wrapper clearfix'>\n <div class='flex_column_table av-av_one_full-6bcb6ae26e178faae52f24f3b7e98e78 sc-av_one_full av-equal-height-column-flextable'>\n<style type=\"text\/css\" data-created_by=\"avia_inline_auto\" id=\"style-css-av-av_one_full-6bcb6ae26e178faae52f24f3b7e98e78\">\n#top .flex_column_table.av-equal-height-column-flextable.av-av_one_full-6bcb6ae26e178faae52f24f3b7e98e78{\nmargin-top:20px;\nmargin-bottom:20px;\n}\n.flex_column.av-av_one_full-6bcb6ae26e178faae52f24f3b7e98e78{\nborder-radius:0px 0px 0px 0px;\npadding:0px 0px 0px 0px;\n}\n<\/style>\n<div  class='flex_column av-av_one_full-6bcb6ae26e178faae52f24f3b7e98e78 av_one_full  avia-builder-el-1  avia-builder-el-no-sibling  dosklepu first flex_column_table_cell av-equal-height-column av-align-middle av-zero-column-padding  '     ><style type=\"text\/css\" data-created_by=\"avia_inline_auto\" id=\"style-css-av-av_heading-343a41c24abb431e450814cb7aff36d9\">\n#top .av-special-heading.av-av_heading-343a41c24abb431e450814cb7aff36d9{\npadding-bottom:10px;\ncolor:#ffffff;\nfont-size:36px;\n}\nbody .av-special-heading.av-av_heading-343a41c24abb431e450814cb7aff36d9 .av-special-heading-tag .heading-char{\nfont-size:25px;\n}\n#top #wrap_all .av-special-heading.av-av_heading-343a41c24abb431e450814cb7aff36d9 .av-special-heading-tag{\nfont-size:36px;\n}\n.av-special-heading.av-av_heading-343a41c24abb431e450814cb7aff36d9 .special-heading-inner-border{\nborder-color:#ffffff;\n}\n.av-special-heading.av-av_heading-343a41c24abb431e450814cb7aff36d9 .av-subheading{\nfont-size:17px;\n}\n\n@media only screen and (min-width: 480px) and (max-width: 767px){ \n#top #wrap_all .av-special-heading.av-av_heading-343a41c24abb431e450814cb7aff36d9 .av-special-heading-tag{\nfont-size:0.8em;\n}\n}\n\n@media only screen and (max-width: 479px){ \n#top #wrap_all .av-special-heading.av-av_heading-343a41c24abb431e450814cb7aff36d9 .av-special-heading-tag{\nfont-size:0.8em;\n}\n}\n<\/style>\n<div  class='av-special-heading av-av_heading-343a41c24abb431e450814cb7aff36d9 av-special-heading-h3 custom-color-heading blockquote modern-quote modern-centered  avia-builder-el-2  avia-builder-el-no-sibling  av-inherit-size'><h3 class='av-special-heading-tag '  itemprop=\"headline\"  >O FIRMIE<\/h3><div class=\"special-heading-border\"><div class=\"special-heading-inner-border\"><\/div><\/div><\/div><\/div><\/div><!--close column table wrapper. Autoclose: 1 -->\n <\/div><\/div><\/main><!-- close content main element --><\/div><\/div><div id='after_section_1'  class='main_color av_default_container_wrap container_wrap sidebar_left'  ><div class='container av-section-cont-open' ><div class='template-page content  av-content-small units'><div class='post-entry post-entry-type-page post-entry-12'><div class='entry-content-wrapper clearfix'>\n\n<style type=\"text\/css\" data-created_by=\"avia_inline_auto\" id=\"style-css-av-av_one_half-6126cab7d8fab8d08143dd2dacdf673c\">\n.flex_column.av-av_one_half-6126cab7d8fab8d08143dd2dacdf673c{\nborder-radius:0px 0px 0px 0px;\npadding:0px 0px 0px 0px;\n}\n<\/style>\n<div  class='flex_column av-av_one_half-6126cab7d8fab8d08143dd2dacdf673c av_one_half  avia-builder-el-3  el_after_av_section  el_before_av_one_half  avia-builder-el-first  first flex_column_div av-zero-column-padding  '     ><section  class='av_textblock_section av-av_textblock-283972ea15f2e73870c23e2d6de3245d '   itemscope=\"itemscope\" itemtype=\"https:\/\/schema.org\/CreativeWork\" ><div class='avia_textblock'  itemprop=\"text\" ><p> <strong>Oferujemy Pa\u0144stwu mo\u017cliwo\u015b\u0107:<\/strong><\/p>\n<ul>\n<li>sprzeda\u017cy i zakupu u\u017cywanych obrabiarek do drewna<\/li>\n<li>sprzeda\u017cy kompletnych zak\u0142ad\u00f3w i linii produkcyjnych<\/li>\n<li>sprzeda\u017cy nowych obrabiarek<\/li>\n<li>wspomagania optymalizacji produkcji<\/li>\n<li>kompleksowej obs\u0142ugi: demonta\u017ce, monta\u017ce, rozruch maszyn oraz szkolenie personelu<\/li>\n<li>serwisu gwarancyjnego i pogwarancyjnego<\/li>\n<\/ul>\n<p><strong>Jeste\u015bmy rowniez Pa\u0144stwa Partnerem w zakresie:<\/strong><\/p>\n<p><strong>Narz\u0119dzi (g\u0142owic) szlifierskich profilowych niemieckiej firmy Arminius Gmbh stosowanych:<\/strong><\/p>\n<ul>\n<li>w przemy\u015ble i rzemio\u015ble<\/li>\n<li>w produkcji mebli, drzwi i okien<\/li>\n<li>na maszynach sto\u0142owych, przelotowych i centrach obr\u00f3bczych CNC<\/li>\n<\/ul>\n<p><strong>No\u017cy strugarskich do obr\u00f3bki drewna dost\u0119pnych we wszystkich wymiarach:<\/strong><\/p>\n<ul>\n<li>no\u017ce strugarskie do system\u00f3w TERSA, CENTROLOCK, CENTROSTAR, CENTROFIX, TERMINUS ( HSS, HM)<\/li>\n<li>no\u017ce strugarskie proste ( HSS, HM)<\/li>\n<li>blankiety, no\u017ce ryflowane do dalszego profilowania ( HSS, HM)<\/li>\n<li>p\u0142ytki wymienne HM<\/li>\n<\/ul>\n<p>&nbsp;<\/p>\n<\/div><\/section><\/div>\n<style type=\"text\/css\" data-created_by=\"avia_inline_auto\" id=\"style-css-av-av_one_half-acc1b98095720469ead3d27edac9e980\">\n.flex_column.av-av_one_half-acc1b98095720469ead3d27edac9e980{\nborder-radius:0px 0px 0px 0px;\npadding:0px 0px 0px 0px;\n}\n<\/style>\n<div  class='flex_column av-av_one_half-acc1b98095720469ead3d27edac9e980 av_one_half  avia-builder-el-5  el_after_av_one_half  el_before_av_layout_row  avia-builder-el-last  flex_column_div av-animated-generic right-to-left av-zero-column-padding  '     ><p> \n<style type=\"text\/css\" data-created_by=\"avia_inline_auto\" id=\"style-css-av-av_image-31e54e06d6bfa056a3a6fcc670d6cda2\">\n.avia-image-container.av-av_image-31e54e06d6bfa056a3a6fcc670d6cda2 img.avia_image{\nbox-shadow:none;\n}\n.avia-image-container.av-av_image-31e54e06d6bfa056a3a6fcc670d6cda2 .av-image-caption-overlay-center{\ncolor:#ffffff;\n}\n<\/style>\n<div  class='avia-image-container av-av_image-31e54e06d6bfa056a3a6fcc670d6cda2 av-styling- avia-align-center  avia-builder-el-6  el_before_av_textblock  avia-builder-el-first '   itemprop=\"image\" itemscope=\"itemscope\" itemtype=\"https:\/\/schema.org\/ImageObject\" ><div class=\"avia-image-container-inner\"><div class=\"avia-image-overlay-wrap\"><img decoding=\"async\" fetchpriority=\"high\" class='wp-image-9236 avia-img-lazy-loading-not-9236 avia_image ' src=\"https:\/\/iberus.pl\/wp-content\/uploads\/2014\/10\/iberus-gromar.png\" alt='' title='iberus gromar'  height=\"358\" width=\"494\"  itemprop=\"thumbnailUrl\" srcset=\"https:\/\/iberus.pl\/wp-content\/uploads\/2014\/10\/iberus-gromar.png 494w, https:\/\/iberus.pl\/wp-content\/uploads\/2014\/10\/iberus-gromar-300x217.png 300w\" sizes=\"(max-width: 494px) 100vw, 494px\" \/><\/div><\/div><\/div><br \/>\n<section  class='av_textblock_section av-av_textblock-283972ea15f2e73870c23e2d6de3245d '   itemscope=\"itemscope\" itemtype=\"https:\/\/schema.org\/CreativeWork\" ><div class='avia_textblock'  itemprop=\"text\" ><p> Naszymi odbiorcami s\u0105 krajowi i zagraniczni producenci wyrob\u00f3w z drewna: tartaki, producenci stolarki budowlanej, p\u0142yt meblowych i mebli.<\/p>\n<p>Posiadamy powierzchnie magazynowe oraz warsztat, dzi\u0119ki kt\u00f3rym zapewniamy pe\u0142n\u0105 obs\u0142ug\u0119 serwisow\u0105&nbsp;<a href=\"http:\/\/iberus.pl\/serwis\">SERWIS<\/a>.<\/p>\n<p>Prosz\u0119 o kierowanie zapyta\u0144 na stronie&nbsp;<a href=\"http:\/\/iberus.pl\/kontakt\">KONTAKT<\/a>\/&nbsp;<a href=\"http:\/\/iberus.pl\/zapytanie-ofertowe\">ZAPYTANIE OFERTOWE<\/a><\/p>\n<\/div><\/section><\/p><\/div><\/p>\n<\/div><\/div><\/div><!-- close content main div --><\/div><\/div><div id='av-layout-grid-1'  class='av-layout-grid-container av-av_layout_row-42fd8630215aff1cfd8b45bb424676b3 entry-content-wrapper main_color av-flex-cells  avia-builder-el-8  el_after_av_one_half  avia-builder-el-last  grid-row-not-first  container_wrap sidebar_left'  >\n \n<style type=\"text\/css\" data-created_by=\"avia_inline_auto\" id=\"style-css-av-av_cell_one_third-3bb9e8d9557e92f7055d54f1bfe1bb01\">\n.flex_cell.av-av_cell_one_third-3bb9e8d9557e92f7055d54f1bfe1bb01{\nvertical-align:top;\nbackground-color:#e47414;\n}\n.responsive #top #wrap_all .flex_cell.av-av_cell_one_third-3bb9e8d9557e92f7055d54f1bfe1bb01{\npadding:6px 6px 6px 6px !important;\n}\n<\/style>\n<div class='flex_cell av-av_cell_one_third-3bb9e8d9557e92f7055d54f1bfe1bb01 av-gridrow-cell av_one_third no_margin  avia-builder-el-9  el_before_av_cell_one_third  avia-builder-el-first '  ><div class='flex_cell_inner'><\/div><\/div>\n<style type=\"text\/css\" data-created_by=\"avia_inline_auto\" id=\"style-css-av-av_cell_one_third-4d408bf36ab93cd1b9259a7146dadf05\">\n.flex_cell.av-av_cell_one_third-4d408bf36ab93cd1b9259a7146dadf05{\nvertical-align:top;\nbackground-color:#f5821f;\n}\n.responsive #top #wrap_all .flex_cell.av-av_cell_one_third-4d408bf36ab93cd1b9259a7146dadf05{\npadding:6px 6px 6px 6px !important;\n}\n<\/style>\n<div class='flex_cell av-av_cell_one_third-4d408bf36ab93cd1b9259a7146dadf05 av-gridrow-cell av_one_third no_margin  avia-builder-el-10  el_after_av_cell_one_third  el_before_av_cell_one_third '  ><div class='flex_cell_inner'><\/div><\/div>\n<style type=\"text\/css\" data-created_by=\"avia_inline_auto\" id=\"style-css-av-av_cell_one_third-a5422f1020c5168bce384a6143ad8100\">\n.flex_cell.av-av_cell_one_third-a5422f1020c5168bce384a6143ad8100{\nvertical-align:top;\nbackground-color:#f89642;\n}\n.responsive #top #wrap_all .flex_cell.av-av_cell_one_third-a5422f1020c5168bce384a6143ad8100{\npadding:6px 6px 6px 6px !important;\n}\n<\/style>\n<div class='flex_cell av-av_cell_one_third-a5422f1020c5168bce384a6143ad8100 av-gridrow-cell av_one_third no_margin  avia-builder-el-11  el_after_av_cell_one_third  avia-builder-el-last '  ><div class='flex_cell_inner'><\/div><\/div>\n <\/div>\n","protected":false},"excerpt":{"rendered":"","protected":false},"author":6,"featured_media":0,"parent":0,"menu_order":0,"comment_status":"closed","ping_status":"closed","template":"","meta":{"_monsterinsights_skip_tracking":false,"_monsterinsights_sitenote_active":false,"_monsterinsights_sitenote_note":"","_monsterinsights_sitenote_category":0,"ngg_post_thumbnail":0,"footnotes":""},"class_list":["post-12","page","type-page","status-publish","hentry"],"_links":{"self":[{"href":"https:\/\/iberus.pl\/index.php?rest_route=\/wp\/v2\/pages\/12"}],"collection":[{"href":"https:\/\/iberus.pl\/index.php?rest_route=\/wp\/v2\/pages"}],"about":[{"href":"https:\/\/iberus.pl\/index.php?rest_route=\/wp\/v2\/types\/page"}],"author":[{"embeddable":true,"href":"https:\/\/iberus.pl\/index.php?rest_route=\/wp\/v2\/users\/6"}],"replies":[{"embeddable":true,"href":"https:\/\/iberus.pl\/index.php?rest_route=%2Fwp%2Fv2%2Fcomments&post=12"}],"version-history":[{"count":21,"href":"https:\/\/iberus.pl\/index.php?rest_route=\/wp\/v2\/pages\/12\/revisions"}],"predecessor-version":[{"id":10521,"href":"https:\/\/iberus.pl\/index.php?rest_route=\/wp\/v2\/pages\/12\/revisions\/10521"}],"wp:attachment":[{"href":"https:\/\/iberus.pl\/index.php?rest_route=%2Fwp%2Fv2%2Fmedia&parent=12"}],"curies":[{"name":"wp","href":"https:\/\/api.w.org\/{rel}","templated":true}]}}